{"id":18961,"date":"2022-09-22T20:30:40","date_gmt":"2022-09-22T18:30:40","guid":{"rendered":"http:\/\/www.ideogamma.sm\/pressposts\/la-forza-del-destino-apre-con-grande-successo-la-xxii-edizione-del-festival-verdi-di-parma-2\/"},"modified":"2023-02-22T19:00:48","modified_gmt":"2023-02-22T18:00:48","slug":"la-forza-del-destino-apre-con-grande-successo-la-xxii-edizione-del-festival-verdi-di-parma","status":"publish","type":"page","link":"https:\/\/www.ideogamma.sm\/it\/pressposts\/la-forza-del-destino-apre-con-grande-successo-la-xxii-edizione-del-festival-verdi-di-parma\/","title":{"rendered":"\u201cLa Forza del Destino\u201d apre con grande successo la XXII edizione del Festival Verdi di Parma"},"content":{"rendered":"\t\t<div data-elementor-type=\"wp-page\" data-elementor-id=\"18961\" class=\"elementor elementor-18961 elementor-18860\" data-elementor-post-type=\"page\">\n\t\t\t\t\t\t<section class=\"ob-is-breaking-bad elementor-section elementor-top-section elementor-element elementor-element-417ba34 elementor-section-full_width elementor-section-height-default elementor-section-height-default\" data-id=\"417ba34\" data-element_type=\"section\" data-settings=\"{&quot;_ob_bbad_use_it&quot;:&quot;yes&quot;,&quot;_ob_bbad_sssic_use&quot;:&quot;no&quot;,&quot;_ob_glider_is_slider&quot;:&quot;no&quot;}\">\n\t\t\t\t\t\t<div class=\"elementor-container elementor-column-gap-default\">\n\t\t\t\t\t<div class=\"elementor-column elementor-col-100 elementor-top-column elementor-element elementor-element-032faef\" data-id=\"032faef\" data-element_type=\"column\" data-settings=\"{&quot;_ob_bbad_is_stalker&quot;:&quot;no&quot;,&quot;_ob_teleporter_use&quot;:false,&quot;_ob_column_hoveranimator&quot;:&quot;no&quot;,&quot;_ob_column_has_pseudo&quot;:&quot;no&quot;}\">\n\t\t\t<div class=\"elementor-widget-wrap elementor-element-populated\">\n\t\t\t\t\t\t<div class=\"elementor-element elementor-element-182f94c elementor-hidden-desktop elementor-hidden-tablet elementor-hidden-phone ob-harakiri-inherit ob-has-background-overlay elementor-widget elementor-widget-heading\" data-id=\"182f94c\" data-element_type=\"widget\" data-settings=\"{&quot;_ob_use_harakiri&quot;:&quot;yes&quot;,&quot;_ob_harakiri_writing_mode&quot;:&quot;inherit&quot;,&quot;_ob_harakiri_text_clip&quot;:&quot;none&quot;,&quot;_ob_perspektive_use&quot;:&quot;no&quot;,&quot;_ob_poopart_use&quot;:&quot;yes&quot;,&quot;_ob_shadough_use&quot;:&quot;no&quot;,&quot;_ob_allow_hoveranimator&quot;:&quot;no&quot;,&quot;_ob_widget_stalker_use&quot;:&quot;no&quot;}\" data-widget_type=\"heading.default\">\n\t\t\t\t<div class=\"elementor-widget-container\">\n\t\t\t<style>\/*! elementor - v3.23.0 - 05-08-2024 *\/\n.elementor-heading-title{padding:0;margin:0;line-height:1}.elementor-widget-heading .elementor-heading-title[class*=elementor-size-]>a{color:inherit;font-size:inherit;line-height:inherit}.elementor-widget-heading .elementor-heading-title.elementor-size-small{font-size:15px}.elementor-widget-heading .elementor-heading-title.elementor-size-medium{font-size:19px}.elementor-widget-heading .elementor-heading-title.elementor-size-large{font-size:29px}.elementor-widget-heading .elementor-heading-title.elementor-size-xl{font-size:39px}.elementor-widget-heading .elementor-heading-title.elementor-size-xxl{font-size:59px}<\/style><h2 class=\"elementor-heading-title elementor-size-default\"><a href=\"https:\/\/www.ideogamma.sm\/it\/2022\/la-forza-del-destino-5\/\">-  Relativo al progetto: &emsp;La Forza del Destino  -<\/a><\/h2>\t\t<\/div>\n\t\t\t\t<\/div>\n\t\t\t\t<section class=\"elementor-section elementor-inner-section elementor-element elementor-element-a8d5eba elementor-section-full_width elementor-section-height-default elementor-section-height-default\" data-id=\"a8d5eba\" data-element_type=\"section\" data-settings=\"{&quot;_ob_glider_is_slider&quot;:&quot;no&quot;}\">\n\t\t\t\t\t\t<div class=\"elementor-container elementor-column-gap-default\">\n\t\t\t\t\t<div class=\"elementor-column elementor-col-66 elementor-inner-column elementor-element elementor-element-69fc1e6\" data-id=\"69fc1e6\" data-element_type=\"column\" data-settings=\"{&quot;_ob_bbad_is_stalker&quot;:&quot;no&quot;,&quot;_ob_teleporter_use&quot;:false,&quot;_ob_column_hoveranimator&quot;:&quot;no&quot;,&quot;_ob_column_has_pseudo&quot;:&quot;no&quot;}\">\n\t\t\t<div class=\"elementor-widget-wrap elementor-element-populated\">\n\t\t\t\t\t\t<div class=\"elementor-element elementor-element-8f1857a ob-harakiri-inherit ob-has-background-overlay elementor-widget elementor-widget-heading\" data-id=\"8f1857a\" data-element_type=\"widget\" data-settings=\"{&quot;_ob_use_harakiri&quot;:&quot;yes&quot;,&quot;_ob_harakiri_writing_mode&quot;:&quot;inherit&quot;,&quot;_ob_harakiri_text_clip&quot;:&quot;none&quot;,&quot;_ob_perspektive_use&quot;:&quot;no&quot;,&quot;_ob_poopart_use&quot;:&quot;yes&quot;,&quot;_ob_shadough_use&quot;:&quot;no&quot;,&quot;_ob_allow_hoveranimator&quot;:&quot;no&quot;,&quot;_ob_widget_stalker_use&quot;:&quot;no&quot;}\" data-widget_type=\"heading.default\">\n\t\t\t\t<div class=\"elementor-widget-container\">\n\t\t\t<h3 class=\"elementor-heading-title elementor-size-default\">About Art online - Italia - web<\/h3>\t\t<\/div>\n\t\t\t\t<\/div>\n\t\t\t\t\t<\/div>\n\t\t<\/div>\n\t\t\t\t<div class=\"elementor-column elementor-col-33 elementor-inner-column elementor-element elementor-element-ea85acf\" data-id=\"ea85acf\" data-element_type=\"column\" data-settings=\"{&quot;_ob_bbad_is_stalker&quot;:&quot;no&quot;,&quot;_ob_teleporter_use&quot;:false,&quot;_ob_column_hoveranimator&quot;:&quot;no&quot;,&quot;_ob_column_has_pseudo&quot;:&quot;no&quot;}\">\n\t\t\t<div class=\"elementor-widget-wrap elementor-element-populated\">\n\t\t\t\t\t\t<div class=\"elementor-element elementor-element-c8d97d6 elementor-widget__width-inherit ob-harakiri-inherit ob-has-background-overlay elementor-widget elementor-widget-heading\" data-id=\"c8d97d6\" data-element_type=\"widget\" data-settings=\"{&quot;_ob_use_harakiri&quot;:&quot;yes&quot;,&quot;_ob_harakiri_writing_mode&quot;:&quot;inherit&quot;,&quot;_ob_harakiri_text_clip&quot;:&quot;none&quot;,&quot;_ob_perspektive_use&quot;:&quot;no&quot;,&quot;_ob_poopart_use&quot;:&quot;yes&quot;,&quot;_ob_shadough_use&quot;:&quot;no&quot;,&quot;_ob_allow_hoveranimator&quot;:&quot;no&quot;,&quot;_ob_widget_stalker_use&quot;:&quot;no&quot;}\" data-widget_type=\"heading.default\">\n\t\t\t\t<div class=\"elementor-widget-container\">\n\t\t\t<h3 class=\"elementor-heading-title elementor-size-default\">22 Settembre 2022<\/h3>\t\t<\/div>\n\t\t\t\t<\/div>\n\t\t\t\t\t<\/div>\n\t\t<\/div>\n\t\t\t\t\t<\/div>\n\t\t<\/section>\n\t\t\t\t<section class=\"ob-is-breaking-bad ob-bb-inner elementor-section elementor-inner-section elementor-element elementor-element-7bb9887 elementor-section-full_width elementor-section-height-default elementor-section-height-default\" data-id=\"7bb9887\" data-element_type=\"section\" data-settings=\"{&quot;_ob_bbad_use_it&quot;:&quot;yes&quot;,&quot;_ob_bbad_sssic_use&quot;:&quot;no&quot;,&quot;_ob_glider_is_slider&quot;:&quot;no&quot;}\">\n\t\t\t\t\t\t<div class=\"elementor-container elementor-column-gap-default\">\n\t\t\t\t\t<div class=\"elementor-column elementor-col-50 elementor-inner-column elementor-element elementor-element-63d554c\" data-id=\"63d554c\" data-element_type=\"column\" data-settings=\"{&quot;_ob_bbad_is_stalker&quot;:&quot;no&quot;,&quot;_ob_teleporter_use&quot;:false,&quot;_ob_column_hoveranimator&quot;:&quot;no&quot;,&quot;_ob_column_has_pseudo&quot;:&quot;no&quot;}\">\n\t\t\t<div class=\"elementor-widget-wrap elementor-element-populated\">\n\t\t\t\t\t\t<div class=\"elementor-element elementor-element-6ef34f2 ob-harakiri-inherit ob-has-background-overlay elementor-widget elementor-widget-heading\" data-id=\"6ef34f2\" data-element_type=\"widget\" data-settings=\"{&quot;_ob_use_harakiri&quot;:&quot;yes&quot;,&quot;_ob_harakiri_writing_mode&quot;:&quot;inherit&quot;,&quot;_ob_harakiri_text_clip&quot;:&quot;none&quot;,&quot;_ob_perspektive_use&quot;:&quot;no&quot;,&quot;_ob_poopart_use&quot;:&quot;yes&quot;,&quot;_ob_shadough_use&quot;:&quot;no&quot;,&quot;_ob_allow_hoveranimator&quot;:&quot;no&quot;,&quot;_ob_widget_stalker_use&quot;:&quot;no&quot;}\" data-widget_type=\"heading.default\">\n\t\t\t\t<div class=\"elementor-widget-container\">\n\t\t\t<h2 class=\"elementor-heading-title elementor-size-default\"><a href=\"https:\/\/www.ideogamma.sm\/it\/2022\/la-forza-del-destino-5\/\">Relativo al progetto La Forza del Destino &nbsp;<\/a><\/h2>\t\t<\/div>\n\t\t\t\t<\/div>\n\t\t\t\t<div class=\"elementor-element elementor-element-7b1b7b7 ob-has-background-overlay elementor-widget elementor-widget-image\" data-id=\"7b1b7b7\" data-element_type=\"widget\" data-settings=\"{&quot;_ob_photomorph_use&quot;:&quot;no&quot;,&quot;_ob_perspektive_use&quot;:&quot;no&quot;,&quot;_ob_poopart_use&quot;:&quot;yes&quot;,&quot;_ob_shadough_use&quot;:&quot;no&quot;,&quot;_ob_allow_hoveranimator&quot;:&quot;no&quot;,&quot;_ob_widget_stalker_use&quot;:&quot;no&quot;}\" data-widget_type=\"image.default\">\n\t\t\t\t<div class=\"elementor-widget-container\">\n\t\t\t<style>\/*! elementor - v3.23.0 - 05-08-2024 *\/\n.elementor-widget-image{text-align:center}.elementor-widget-image a{display:inline-block}.elementor-widget-image a img[src$=\".svg\"]{width:48px}.elementor-widget-image img{vertical-align:middle;display:inline-block}<\/style>\t\t\t\t\t\t\t\t\t\t<img fetchpriority=\"high\" decoding=\"async\" width=\"2048\" height=\"1536\" src=\"https:\/\/www.ideogamma.sm\/wp-content\/uploads\/2023\/02\/09-2022-La-forza-del-destino-04.jpg\" class=\"attachment-full size-full wp-image-18852\" alt=\"\" srcset=\"https:\/\/www.ideogamma.sm\/wp-content\/uploads\/2023\/02\/09-2022-La-forza-del-destino-04.jpg 2048w, https:\/\/www.ideogamma.sm\/wp-content\/uploads\/2023\/02\/09-2022-La-forza-del-destino-04-300x225.jpg 300w, https:\/\/www.ideogamma.sm\/wp-content\/uploads\/2023\/02\/09-2022-La-forza-del-destino-04-1024x768.jpg 1024w, https:\/\/www.ideogamma.sm\/wp-content\/uploads\/2023\/02\/09-2022-La-forza-del-destino-04-768x576.jpg 768w, https:\/\/www.ideogamma.sm\/wp-content\/uploads\/2023\/02\/09-2022-La-forza-del-destino-04-1536x1152.jpg 1536w\" sizes=\"(max-width: 2048px) 100vw, 2048px\" \/>\t\t\t\t\t\t\t\t\t\t\t\t\t<\/div>\n\t\t\t\t<\/div>\n\t\t\t\t<div class=\"elementor-element elementor-element-4b34adf ob-has-background-overlay elementor-widget elementor-widget-image\" data-id=\"4b34adf\" data-element_type=\"widget\" data-settings=\"{&quot;_ob_photomorph_use&quot;:&quot;no&quot;,&quot;_ob_perspektive_use&quot;:&quot;no&quot;,&quot;_ob_poopart_use&quot;:&quot;yes&quot;,&quot;_ob_shadough_use&quot;:&quot;no&quot;,&quot;_ob_allow_hoveranimator&quot;:&quot;no&quot;,&quot;_ob_widget_stalker_use&quot;:&quot;no&quot;}\" data-widget_type=\"image.default\">\n\t\t\t\t<div class=\"elementor-widget-container\">\n\t\t\t\t\t\t\t\t\t\t\t\t\t<img decoding=\"async\" width=\"1536\" height=\"523\" src=\"https:\/\/www.ideogamma.sm\/wp-content\/uploads\/2023\/02\/press.jpg\" class=\"attachment-full size-full wp-image-18874\" alt=\"\" srcset=\"https:\/\/www.ideogamma.sm\/wp-content\/uploads\/2023\/02\/press.jpg 1536w, https:\/\/www.ideogamma.sm\/wp-content\/uploads\/2023\/02\/press-300x102.jpg 300w, https:\/\/www.ideogamma.sm\/wp-content\/uploads\/2023\/02\/press-1024x349.jpg 1024w, https:\/\/www.ideogamma.sm\/wp-content\/uploads\/2023\/02\/press-768x262.jpg 768w\" sizes=\"(max-width: 1536px) 100vw, 1536px\" \/>\t\t\t\t\t\t\t\t\t\t\t\t\t<\/div>\n\t\t\t\t<\/div>\n\t\t\t\t<div class=\"elementor-element elementor-element-c69022c ob-has-background-overlay elementor-widget elementor-widget-image\" data-id=\"c69022c\" data-element_type=\"widget\" data-settings=\"{&quot;_ob_photomorph_use&quot;:&quot;no&quot;,&quot;_ob_perspektive_use&quot;:&quot;no&quot;,&quot;_ob_poopart_use&quot;:&quot;yes&quot;,&quot;_ob_shadough_use&quot;:&quot;no&quot;,&quot;_ob_allow_hoveranimator&quot;:&quot;no&quot;,&quot;_ob_widget_stalker_use&quot;:&quot;no&quot;}\" data-widget_type=\"image.default\">\n\t\t\t\t<div class=\"elementor-widget-container\">\n\t\t\t\t\t\t\t\t\t\t\t\t\t<img decoding=\"async\" width=\"1270\" height=\"253\" src=\"https:\/\/www.ideogamma.sm\/wp-content\/uploads\/2023\/02\/aboutart.png\" class=\"attachment-full size-full wp-image-18835\" alt=\"\" srcset=\"https:\/\/www.ideogamma.sm\/wp-content\/uploads\/2023\/02\/aboutart.png 1270w, https:\/\/www.ideogamma.sm\/wp-content\/uploads\/2023\/02\/aboutart-300x60.png 300w, https:\/\/www.ideogamma.sm\/wp-content\/uploads\/2023\/02\/aboutart-1024x204.png 1024w, https:\/\/www.ideogamma.sm\/wp-content\/uploads\/2023\/02\/aboutart-768x153.png 768w\" sizes=\"(max-width: 1270px) 100vw, 1270px\" \/>\t\t\t\t\t\t\t\t\t\t\t\t\t<\/div>\n\t\t\t\t<\/div>\n\t\t\t\t\t<\/div>\n\t\t<\/div>\n\t\t\t\t<div class=\"elementor-column elementor-col-50 elementor-inner-column elementor-element elementor-element-0d86416\" data-id=\"0d86416\" data-element_type=\"column\" data-settings=\"{&quot;_ob_bbad_is_stalker&quot;:&quot;no&quot;,&quot;_ob_teleporter_use&quot;:false,&quot;_ob_column_hoveranimator&quot;:&quot;no&quot;,&quot;_ob_column_has_pseudo&quot;:&quot;no&quot;}\">\n\t\t\t<div class=\"elementor-widget-wrap elementor-element-populated\">\n\t\t\t\t\t\t<div class=\"elementor-element elementor-element-ec066c2 ob-harakiri-inherit ob-has-background-overlay elementor-widget elementor-widget-heading\" data-id=\"ec066c2\" data-element_type=\"widget\" data-settings=\"{&quot;_ob_use_harakiri&quot;:&quot;yes&quot;,&quot;_ob_harakiri_writing_mode&quot;:&quot;inherit&quot;,&quot;_ob_harakiri_text_clip&quot;:&quot;none&quot;,&quot;_ob_perspektive_use&quot;:&quot;no&quot;,&quot;_ob_poopart_use&quot;:&quot;yes&quot;,&quot;_ob_shadough_use&quot;:&quot;no&quot;,&quot;_ob_allow_hoveranimator&quot;:&quot;no&quot;,&quot;_ob_widget_stalker_use&quot;:&quot;no&quot;}\" data-widget_type=\"heading.default\">\n\t\t\t\t<div class=\"elementor-widget-container\">\n\t\t\t<h2 class=\"elementor-heading-title elementor-size-default\">\u201cLa Forza del Destino\u201d apre con grande successo la XXII edizione del Festival Verdi di Parma<\/h2>\t\t<\/div>\n\t\t\t\t<\/div>\n\t\t\t\t<div class=\"elementor-element elementor-element-17f28ee ob-harakiri-inherit ob-has-background-overlay elementor-widget elementor-widget-heading\" data-id=\"17f28ee\" data-element_type=\"widget\" data-settings=\"{&quot;_ob_use_harakiri&quot;:&quot;yes&quot;,&quot;_ob_harakiri_writing_mode&quot;:&quot;inherit&quot;,&quot;_ob_harakiri_text_clip&quot;:&quot;none&quot;,&quot;_ob_perspektive_use&quot;:&quot;no&quot;,&quot;_ob_poopart_use&quot;:&quot;yes&quot;,&quot;_ob_shadough_use&quot;:&quot;no&quot;,&quot;_ob_allow_hoveranimator&quot;:&quot;no&quot;,&quot;_ob_widget_stalker_use&quot;:&quot;no&quot;}\" data-widget_type=\"heading.default\">\n\t\t\t\t<div class=\"elementor-widget-container\">\n\t\t\t<h2 class=\"elementor-heading-title elementor-size-default\">Trionfo di pubblico per capolavoro verdiano diretto da Roberto Abbado con la regia di Yannis Kokkos. <\/h2>\t\t<\/div>\n\t\t\t\t<\/div>\n\t\t\t\t<div class=\"elementor-element elementor-element-476c97f ob-harakiri-inherit ob-has-background-overlay elementor-widget elementor-widget-text-editor\" data-id=\"476c97f\" data-element_type=\"widget\" data-settings=\"{&quot;_ob_use_harakiri&quot;:&quot;yes&quot;,&quot;_ob_harakiri_writing_mode&quot;:&quot;inherit&quot;,&quot;_ob_postman_use&quot;:&quot;no&quot;,&quot;_ob_perspektive_use&quot;:&quot;no&quot;,&quot;_ob_poopart_use&quot;:&quot;yes&quot;,&quot;_ob_shadough_use&quot;:&quot;no&quot;,&quot;_ob_allow_hoveranimator&quot;:&quot;no&quot;,&quot;_ob_widget_stalker_use&quot;:&quot;no&quot;}\" data-widget_type=\"text-editor.default\">\n\t\t\t\t<div class=\"elementor-widget-container\">\n\t\t\t<style>\/*! elementor - v3.23.0 - 05-08-2024 *\/\n.elementor-widget-text-editor.elementor-drop-cap-view-stacked .elementor-drop-cap{background-color:#69727d;color:#fff}.elementor-widget-text-editor.elementor-drop-cap-view-framed .elementor-drop-cap{color:#69727d;border:3px solid;background-color:transparent}.elementor-widget-text-editor:not(.elementor-drop-cap-view-default) .elementor-drop-cap{margin-top:8px}.elementor-widget-text-editor:not(.elementor-drop-cap-view-default) .elementor-drop-cap-letter{width:1em;height:1em}.elementor-widget-text-editor .elementor-drop-cap{float:left;text-align:center;line-height:1;font-size:50px}.elementor-widget-text-editor .elementor-drop-cap-letter{display:inline-block}<\/style>\t\t\t\t<p>La messa in scena di questa edizione parmense de <em>La forza del destino <\/em>\u00e8 stata affidata all\u2019artista di origine greca ma francese di adozione, lo scenografo e regista teatrale <strong>Yannis Kokkos<\/strong>, uomo di teatro tra i pi\u00f9apprezzati di oggi che \u00e8 stato autore di tutta la parte visiva, regia scene e costumi.<\/p><p>Ha concepito uno spettacolo del tutto omogeno nell\u2019insieme, curando capillarmente tutti i movimenti scenici per uno spettacolo che nel complesso non presentava stranezze e situazioni sceniche paradossali come accade oggi spesso sui palcoscenici lirici di tutto il mondo. Kokkos ha rispettato il testo presentando una scena semplice nell\u2019insieme ma efficace per la rappresentazione. I costumi presentavano personaggi legati ad un\u2019epoca indefinita, non di cattivo gusto (tute mimetiche o smoking che in quest\u2019opera sicuramente qualcuno avrebbe inserito) ma concepite per rispettare l\u2019evoluzione del dramma, sia quello intimo amoroso di Alvaro e Leonora, sia quello pi\u00f9 passionale e vendicativo di Carlo. Ci \u00e8 piaciuta molto la realizzazione del terzo atto realizzato per mettere in risalto tutte le brutture della guerra che ha portato con s\u00e9, nei millenni, milioni di vittime, distruzioni e brutalit\u00e0 senza fine. Nel campo militare \u00e8 stato aggiunto anche un locale a luci rosse che evidenziava il degrado nel quale i soldati di ogni parte del mondo sono obbligati a vivere nei periodi di guerra, utilizzando per le parti coreutiche anche delle maschere quasi a dare un senso \u2018espressionista\u2019 alla sua messa in scena. Alla realizzazione della parte scenica hanno contribuito in maniera molto importante <strong>Giuseppe Di Iorio <\/strong><em>luci<\/em>, <strong>Sergio Metalli <\/strong><em>proiezioni <\/em>e <strong>Marta Bevilacqua <\/strong><em>movimenti coreografici <\/em>ai quali si aggiunge la <em>drammaturgia <\/em>(carica forse inutilevisto che parliamo di una autore teatrale della statura di Giuseppe Verdi) di <strong>Anne<\/strong> <strong>Blancard<\/strong>.<\/p><p><strong>Gregory Kunde <\/strong>ha offerto al pubblico un <em>Don Alvaro <\/em>di grande spessore dimostrando ancora una volta di essere un fenomeno vocale di insolita portata. Anche in questa occasione, dopo le recentissime prove che ha fornito in <em>Otello<\/em>, <em>Les Troyens <\/em>e <strong>Luisa Miller <\/strong>alle quali abbiamo assistito, ha esibito una vocalit\u00e0 di gran classe, dagli acuti raggiunti senza sforzi palesi, sempre attento alle raffinatezze della linea vocale; una prova che si giova anche della buona pronuncia italiana che aiuta nella realizzazione delle parti pi\u00f9 declamate, senza mostrare, a dispetto dell\u2019et\u00e0, segni di stanchezza anche in parti come quella di Alvaro considerata da tutti massacrante per i tenori. Per Kunde uno strepitoso, e meritato, successo personale, sia a scena aperta sia al termine della recita con ovazioni a lui personalmente dedicate.<\/p><p>Il ruolo di <em>Leonora <\/em>\u00e8 stato affidato al soprano ucraino <strong>Liudmyla Monastyrska<\/strong>, tra i pi\u00f9 acclamati di oggi, ma che in questa occasione ha mostrato qualche difficolt\u00e0 con la vocalit\u00e0 verdiana che caratterizza questa opera. A parte qualche problema con l\u2019italiano circa il corretto significato delle parole, ci sembra soffra molto il passaggio tra le note centrali (che possiede splendide) al registro pi\u00f9 acuto che purtroppo non le ha consentito (almeno per questa sera) di offrirci una Leonora di grande fascino. In una occasione del secondo atto \u00e8 stata anche beccata dall\u2019esigente loggione del Regio ma nel complesso il pubblico l\u2019ha applaudita, soprattutto alla fine, con convinzione.<\/p><p><em>Don Carlo <\/em>era il baritono mongolo <strong>Amartuvshin Enkhbat <\/strong>che le cronache ci dicono essere attratto dal repertorio verdiano anche grazie ad una voce potente e rotonda che abbina anche ad una certa grazia nelle emissioni. Anche qui al Regio di Parma ha fornito una prova del tutto valida mostrando per\u00f2 di giungere al finale un po\u2019 provato risultando vocalmente un tantino appannato. Un cantante di indubbio valore al quale consigliamo per\u00f2 una attivit\u00e0 meno frenetica, cos\u00ec come appare dalla sua agenda, nella quale hanno ruolo predominante i grandi ruoli verdiani e di gestire la sua bella e corposa voce in modo pi\u00f9 saggio. Anche per lui un buon successo personale al termine della recita.<\/p><p><em>Padre Guardiano <\/em>\u00e8 una parte di basso che si considera vicina ai grandi ruoli verdiani (Filippo II, Procida, Fiesco, Attila) e <strong>Marko Mimica<\/strong>, seppur ancora giovane, ha dimostrato di avere le qualit\u00e0 per affrontare ruoli del genere in quanto ci ha dato un <em>Padre Guardiano <\/em>del tutto credibile vocalmente e scenicamente al quale, per ora, manca forse un po\u2019 di potenza che con il tempo potr\u00e0 migliorare.<\/p><p><strong>Roberto De Candia<\/strong>, mettendo a disposizione la sua enorme esperienza nel repertorio comino\/buffo ci ha dato un <em>Melitone <\/em>di grande spessore grazie alla sua ineccepibile vocalit\u00e0 ed alle sue conosciute ed apprezzate doti di attore realizzando un personaggio divertente e trascinante molto applaudito dal pubblico. Il mezzosoprano\u00a0 <strong>Annalisa Stroppa <\/strong>\u00e8 stata una <em>Preziosilla <\/em>godibile sotto ogni aspetto, in possesso di una voce fresca ed espressiva, si giova anche della<\/p><p>sua grande esperienza nei ruoli comici che nella sua carriera ha frequentemente interpretato. Ha dimostrato di essere ben inserita nella visione teatrale di Kokkos, lontana dal cattivo gusto che spesso si registra per questo personaggio risultando simpatica e vivace, caratteristiche proprie del personaggio interpretato.<\/p><p>Per quanto riguarda gli altri personaggi il tenore <strong>Andrea Giovannini <\/strong>\u00e8 stato un efficace <em>Mastro Trabuco<\/em>, il basso <strong>Marco Spotti <\/strong>era il <em>Marchese di Calatrava<\/em>, il mezzosoprano <strong>Natalia Gavrilan <\/strong><em>Curra<\/em>, il baritono J<strong>acobo Ochoa <\/strong><em>Un Alcade <\/em>e il basso <strong>Andrea Pellegrini <\/strong><em>Un Chirurgo<\/em>. Tutti molto bravi nell\u2019integrare l\u2019esecuzione.<\/p><p><strong>Roberto Abbado <\/strong>ha guidato l\u2019Orchestra dl Teatro Comunale di Bologna ed il Coro del Teatro Comunale di Bologna diretto <strong>Gea Garatti Ansini <\/strong>offrendo una direzione certo efficace ma, a nostro avviso, in certi punti, mancante di quella necessaria cantabilit\u00e0 verdiana e di quel \u2018fuoco\u2019 di stampo romantico che spesso traspare in questo capolavoro.<\/p><p>Per dovere di cronaca dobbiamo riferire che Roberto Abbado \u00e8 stato oggetto, fin dal suo apparire in sala, di una rumorosa contestazione che nulla aveva a che vedere con la sua interpretazione che, comunque, \u00e8 risultata del tutto valida. Da quanto abbiamo potuto capire la contestazione \u00e8 nata dalla decisione della dirigenza del Festival di utilizzare una orchestra diversa da quella solita, decisione che dalla nostra ottica appare percorribile per il fatto che il Regio di Parma non possiede un\u2019orchestra stabile. Considerando che i contestatori sono giunti in teatro muniti di fischietto ci \u00e8 sembrato che questa manifestazione di dissenso sia da attribuire pi\u00f9 alla politica, soprattutto in vista delle prossime elezioni, che a fattori artistici veri e propri.<\/p><p>La recita alla quale ci riferiamo \u00e8 quella di <strong>gioved\u00ec 22 settembre <\/strong>ed era l\u2019inaugurazione del Festival Verdi 2022. Al termine lo spettacolo \u00e8 stato salutato dal pubblico che gremiva al limite della capienza la bella sala del Teatro Regio di Parma di <strong>Nicola Bettoli<\/strong>, con sonore e reiterate ovazioni rivolte a tutti i partecipanti.<\/p>\t\t\t\t\t\t<\/div>\n\t\t\t\t<\/div>\n\t\t\t\t\t<\/div>\n\t\t<\/div>\n\t\t\t\t\t<\/div>\n\t\t<\/section>\n\t\t\t\t\t<\/div>\n\t\t<\/div>\n\t\t\t\t\t<\/div>\n\t\t<\/section>\n\t\t\t\t<\/div>\n\t\t","protected":false},"excerpt":{"rendered":"<p>&#8211; Relativo al progetto: &emsp;La Forza del Destino &#8211; About Art online &#8211; Italia &#8211; web 22 Settembre 2022 Relativo al progetto La Forza del Destino &nbsp; \u201cLa Forza del Destino\u201d apre con grande successo la XXII edizione del Festival Verdi di Parma Trionfo di pubblico per capolavoro verdiano diretto da Roberto Abbado con la [&hellip;]<\/p>\n","protected":false},"author":7,"featured_media":0,"parent":8324,"menu_order":0,"comment_status":"closed","ping_status":"closed","template":"elementor_header_footer","meta":{"_acf_changed":false,"_monsterinsights_skip_tracking":false,"_monsterinsights_sitenote_active":false,"_monsterinsights_sitenote_note":"","_monsterinsights_sitenote_category":0,"footnotes":""},"class_list":["post-18961","page","type-page","status-publish","hentry"],"acf":[],"_links":{"self":[{"href":"https:\/\/www.ideogamma.sm\/it\/wp-json\/wp\/v2\/pages\/18961"}],"collection":[{"href":"https:\/\/www.ideogamma.sm\/it\/wp-json\/wp\/v2\/pages"}],"about":[{"href":"https:\/\/www.ideogamma.sm\/it\/wp-json\/wp\/v2\/types\/page"}],"author":[{"embeddable":true,"href":"https:\/\/www.ideogamma.sm\/it\/wp-json\/wp\/v2\/users\/7"}],"replies":[{"embeddable":true,"href":"https:\/\/www.ideogamma.sm\/it\/wp-json\/wp\/v2\/comments?post=18961"}],"version-history":[{"count":51,"href":"https:\/\/www.ideogamma.sm\/it\/wp-json\/wp\/v2\/pages\/18961\/revisions"}],"predecessor-version":[{"id":19186,"href":"https:\/\/www.ideogamma.sm\/it\/wp-json\/wp\/v2\/pages\/18961\/revisions\/19186"}],"up":[{"embeddable":true,"href":"https:\/\/www.ideogamma.sm\/it\/wp-json\/wp\/v2\/pages\/8324"}],"wp:attachment":[{"href":"https:\/\/www.ideogamma.sm\/it\/wp-json\/wp\/v2\/media?parent=18961"}],"curies":[{"name":"wp","href":"https:\/\/api.w.org\/{rel}","templated":true}]}}