{"id":19004,"date":"2022-02-12T20:30:41","date_gmt":"2022-02-12T19:30:41","guid":{"rendered":"http:\/\/www.ideogamma.sm\/pressposts\/un-dramma-fuori-dal-tempo\/"},"modified":"2022-02-12T20:30:41","modified_gmt":"2022-02-12T19:30:41","slug":"un-dramma-fuori-dal-tempo","status":"publish","type":"page","link":"https:\/\/www.ideogamma.sm\/it\/pressposts\/un-dramma-fuori-dal-tempo\/","title":{"rendered":"Un dramma fuori dal tempo"},"content":{"rendered":"<style>\/*! elementor - v3.10.1 - 17-01-2023 *\/\n.elementor-heading-title{padding:0;margin:0;line-height:1}.elementor-widget-heading .elementor-heading-title[class*=elementor-size-]>a{color:inherit;font-size:inherit;line-height:inherit}.elementor-widget-heading .elementor-heading-title.elementor-size-small{font-size:15px}.elementor-widget-heading .elementor-heading-title.elementor-size-medium{font-size:19px}.elementor-widget-heading .elementor-heading-title.elementor-size-large{font-size:29px}.elementor-widget-heading .elementor-heading-title.elementor-size-xl{font-size:39px}.elementor-widget-heading .elementor-heading-title.elementor-size-xxl{font-size:59px}<\/style>\n<h2>&nbsp; Relativo al progetto: &nbsp;&nbsp; Norma &nbsp;&nbsp;&nbsp;&nbsp;<\/h2>\n<h3>l&#8217;Opera- Italia &#8211; mensile<\/h3>\n<h3>12 Marzo 2022<\/h3>\n<h2>Relativo al progetto: Norma &nbsp;<\/h2>\n<style>\/*! elementor - v3.10.1 - 17-01-2023 *\/\n.elementor-widget-image{text-align:center}.elementor-widget-image a{display:inline-block}.elementor-widget-image a img[src$=\".svg\"]{width:48px}.elementor-widget-image img{vertical-align:middle;display:inline-block}<\/style>\n<p>\t\t\t\t\t\t\t\t\t\t\t\t<img loading=\"lazy\" decoding=\"async\" width=\"2048\" height=\"1536\" src=\"https:\/\/www.ideogamma.sm\/wp-content\/uploads\/2023\/02\/03-2022-Norma-03.jpg\" alt=\"\" loading=\"lazy\" srcset=\"https:\/\/www.ideogamma.sm\/wp-content\/uploads\/2023\/02\/03-2022-Norma-03.jpg 2048w, https:\/\/www.ideogamma.sm\/wp-content\/uploads\/2023\/02\/03-2022-Norma-03-300x225.jpg 300w, https:\/\/www.ideogamma.sm\/wp-content\/uploads\/2023\/02\/03-2022-Norma-03-1024x768.jpg 1024w, https:\/\/www.ideogamma.sm\/wp-content\/uploads\/2023\/02\/03-2022-Norma-03-768x576.jpg 768w, https:\/\/www.ideogamma.sm\/wp-content\/uploads\/2023\/02\/03-2022-Norma-03-1536x1152.jpg 1536w\" sizes=\"(max-width: 2048px) 100vw, 2048px\" \/><br \/>\n\t\t\t\t\t\t\t\t\t\t\t\t\t\t\t<img loading=\"lazy\" decoding=\"async\" width=\"1201\" height=\"341\" src=\"https:\/\/www.ideogamma.sm\/wp-content\/uploads\/2023\/02\/lopera.png\" alt=\"\" loading=\"lazy\" srcset=\"https:\/\/www.ideogamma.sm\/wp-content\/uploads\/2023\/02\/lopera.png 1201w, https:\/\/www.ideogamma.sm\/wp-content\/uploads\/2023\/02\/lopera-300x85.png 300w, https:\/\/www.ideogamma.sm\/wp-content\/uploads\/2023\/02\/lopera-1024x291.png 1024w, https:\/\/www.ideogamma.sm\/wp-content\/uploads\/2023\/02\/lopera-768x218.png 768w\" sizes=\"(max-width: 1201px) 100vw, 1201px\" \/>\t\t\t\t\t\t\t\t\t\t\t\t\t\t\t<\/p>\n<h2>Un dramma fuori dal tempo<\/h2>\n<h2>Torino: Gilda Fiume e Annalisa Stroppa<br \/>\nprotagoniste di Norma<br \/>\n<\/h2>\n<p>La stagione del Teatro Regio prosegue con Norma. Lo spettacolo \u00e8 quello allestito nel 2016 al San Carlo. L&#8217;impianto (scene di Ezio Frigerio, costumi di Franca Squarciapino e regia di Lorenzo Amato) conserva immutato il fascino originario. La dimensione atemporale, sospesa, della storia \u00e8 funzionale alla raffigurazione di una vicenda universale di amore e morte, di guerra fra popoli, di opposizione fra ragion di Stato e motivazioni private. I protagonisti agiscono sullo sfondo di una natura selvaggia e inospitale. Boschi dai confini che sfuggono allo sguardo, umide e oscure foreste, talora attraversate da sporadici raggi di luce, pareti rocciose, caverne di proporzioni michelangiolesche evocano il Romanticismo che palpita nella partitura, pur nell&#8217;involucro neoclassico del libretto di Romani. D&#8217;altronde, la stessa fonte letteraria, la tragedia <em>Norma, ossia l&#8217;infanticidio<\/em> di Alexandre Soumet, mostra tale natura bifronte: modellata su prototipi raciniani, si colloca sul crinale fra Classicimo e Romanticismo. La natura, viva, pulsante, che nello spettacolo torinese assume addirittura i tratti di un personaggio collettivo, testimonia in s\u00e9 la presenza del divino. Ci\u00f2 \u00e8 di particolare evidenza nel secondo atto dell&#8217;opera, quando, nel fitto del verde, giganteggia l&#8217;effigie di lrminsul, l&#8217;albero cosmico del paganesimo nord-europeo. \u00c8 il panteismo, il <em>Deus sive Natura<\/em> di Spinoza che la cultura ottocentesca ha saputo recuperare. Anche dall&#8217;angolo visuale del canto Norma \u00e8 al crocevia di itinerari diversi. Dal passato eredit\u00e0 il <em>c\u00f4t\u00e9<\/em> virtuosistico, che le giunge per il termine medio di Rossini, mentre anticipa, nei suoi modi espressivi, il linguaggio vigoroso e spianato che far\u00e0 scuola negli anni a venire. Nell&#8217;esecuzione del Regio, almeno due protagonisti, Gilda Fiume (Norma) e Dmitry Korchak (Pollione), si collocano sul versante belcantistico, investiti dall&#8217;onda impetuosa che proviene dal passato. Il paradigma a cui attinge la Fiume \u00e8 quello del soprano di coloratura, impersonato da Mariella Devia, interprete dell&#8217;edizione napoletana del 2016, che giunge a vestire i panni della sacerdotessa druidica dopo una lunga militanza in Rossini e nei principali ruoli di Bellini e Donizetti di cui ha saputo amplificare la componente lirica. Per questo la lettura perlacea di &#8220;Casta diva&#8221; offerta dalla Fiume ha rappresentato uno dei momenti pi\u00f9 alti della sua performance. Il pubblico torinese le ha tributato calorosi applausi, apprezzando la pulizia di emissione e la precisione nell&#8217;esecuzione delle guizzanti fiorettature disseminate nella preghiera e nella successiva cabaletta &#8220;Ah! bello a me ritorna&#8221;.<\/p>\n<p>Anche Dmitry Korchak, tenore di matrice belcantistica, si colloca nell&#8217;emisfero opposto rispetto al modello originario di Pollione. Diversamente da Domenico Donzelli, primo interprete della parte del proconsole romano, non possiede la brunita imperiosit\u00e0 dei centri. Tuttavia, \u00e8 svettante nella zona superiore del pentagramma. Gli acuti sono saldi e rivelano una timbratura contraltineggiante di stampo rossiniano. Come il do superiore, tenuto in corrispondenza della corona sull&#8217;ultima sillaba di \u00aberan rapiti i sensi\u00bb nella cavatina \u00abMeco all&#8217;altar di Venere\u00bb, o le note interpolate con slancio nelle frequenti variazioni adottate nel corso dell&#8217;opera.<\/p>\n<p>Annalisa Stroppa \u00e8 un&#8217;Adalgisa collaudata, avendo affrontato ripetutamente la parte sui principali palcoscenici: Massimo di Palermo, Liceu di Barcellona, Colon di Buenos Aires, Bayerische Staatsoper di Monaco e cos\u00ec via. La voce \u00e8 ampia, compatta. Risuona sicura nella sala, restituendo un timbro squisitamente mezzosopranile. Il fraseggio, curato, intercetta appieno il dramma della giovane novizia. Fabrizio Beggi \u00e8 un basso cantante di tendenza baritonale. Fra i cantabili, \u00ablte sul colle, o Druidi\u00bb ottiene il rilievo migliore.<\/p>\n<p>La buona resa dello spettacolo torinese si deve in gran parte alla bacchetta di Francesco Lanzillotta, attenta a cogliere le sfumature del dramma. Anche la scelta dei tempi, ora distesi, ora incalzanti, non \u00e8 mai stata fine a s\u00e9 stessa, bens\u00ec funzionale alle esigenze del dramma. Allo stesso modo la tracciatura dei colori orchestrali non ha assecondato un&#8217;intenzione edonistica. Al contrario, \u00e8 stata volta ad esprimere lo stato dei sentimenti che in ogni istante palpitavano sul palcoscenico. La lista degli interpreti era ultimata da Joan Folqu\u00e9 nei panni di Flavio e da Minji Kim in quelli di Clotilde.<\/p>\n<p><strong>Alberto Bazzano<\/strong><\/p>\n","protected":false},"excerpt":{"rendered":"<p>&nbsp; Relativo al progetto: &nbsp;&nbsp; Norma &nbsp;&nbsp;&nbsp;&nbsp; l&#8217;Opera- Italia &#8211; mensile 12 Marzo 2022 Relativo al progetto: Norma &nbsp; Un dramma fuori dal tempo Torino: Gilda Fiume e Annalisa Stroppa protagoniste di Norma La stagione del Teatro Regio prosegue con Norma. Lo spettacolo \u00e8 quello allestito nel 2016 al San Carlo. L&#8217;impianto (scene di Ezio [&hellip;]<\/p>\n","protected":false},"author":6,"featured_media":0,"parent":8324,"menu_order":0,"comment_status":"closed","ping_status":"closed","template":"elementor_header_footer","meta":{"_acf_changed":false,"_monsterinsights_skip_tracking":false,"_monsterinsights_sitenote_active":false,"_monsterinsights_sitenote_note":"","_monsterinsights_sitenote_category":0,"footnotes":""},"class_list":["post-19004","page","type-page","status-publish","hentry"],"acf":[],"_links":{"self":[{"href":"https:\/\/www.ideogamma.sm\/it\/wp-json\/wp\/v2\/pages\/19004"}],"collection":[{"href":"https:\/\/www.ideogamma.sm\/it\/wp-json\/wp\/v2\/pages"}],"about":[{"href":"https:\/\/www.ideogamma.sm\/it\/wp-json\/wp\/v2\/types\/page"}],"author":[{"embeddable":true,"href":"https:\/\/www.ideogamma.sm\/it\/wp-json\/wp\/v2\/users\/6"}],"replies":[{"embeddable":true,"href":"https:\/\/www.ideogamma.sm\/it\/wp-json\/wp\/v2\/comments?post=19004"}],"version-history":[{"count":0,"href":"https:\/\/www.ideogamma.sm\/it\/wp-json\/wp\/v2\/pages\/19004\/revisions"}],"up":[{"embeddable":true,"href":"https:\/\/www.ideogamma.sm\/it\/wp-json\/wp\/v2\/pages\/8324"}],"wp:attachment":[{"href":"https:\/\/www.ideogamma.sm\/it\/wp-json\/wp\/v2\/media?parent=19004"}],"curies":[{"name":"wp","href":"https:\/\/api.w.org\/{rel}","templated":true}]}}