{"id":7327,"date":"2020-05-21T17:53:39","date_gmt":"2020-05-21T15:53:39","guid":{"rendered":"http:\/\/www.ideogamma.sm\/sergio-metalli\/"},"modified":"2021-03-17T12:22:47","modified_gmt":"2021-03-17T11:22:47","slug":"sergio-metalli","status":"publish","type":"page","link":"https:\/\/www.ideogamma.sm\/it\/sergio-metalli\/","title":{"rendered":"Sergio Metalli"},"content":{"rendered":"\t\t<div data-elementor-type=\"wp-page\" data-elementor-id=\"7327\" class=\"elementor elementor-7327 elementor-82\" data-elementor-post-type=\"page\">\n\t\t\t\t\t\t<section class=\"ob-is-breaking-bad elementor-section elementor-top-section elementor-element elementor-element-4ee5deb elementor-section-boxed elementor-section-height-default elementor-section-height-default\" data-id=\"4ee5deb\" data-element_type=\"section\" data-settings=\"{&quot;_ob_bbad_use_it&quot;:&quot;yes&quot;,&quot;_ob_bbad_sssic_use&quot;:&quot;no&quot;,&quot;_ob_glider_is_slider&quot;:&quot;no&quot;}\">\n\t\t\t\t\t\t<div class=\"elementor-container elementor-column-gap-default\">\n\t\t\t\t\t<div class=\"elementor-column elementor-col-50 elementor-top-column elementor-element elementor-element-d8c43a5\" data-id=\"d8c43a5\" data-element_type=\"column\" data-settings=\"{&quot;_ob_bbad_is_stalker&quot;:&quot;no&quot;,&quot;_ob_teleporter_use&quot;:false,&quot;_ob_column_hoveranimator&quot;:&quot;no&quot;,&quot;_ob_column_has_pseudo&quot;:&quot;no&quot;}\">\n\t\t\t<div class=\"elementor-widget-wrap elementor-element-populated\">\n\t\t\t\t\t\t<div class=\"elementor-element elementor-element-a8c4d13 ob-harakiri-inherit ob-has-background-overlay elementor-widget elementor-widget-heading\" data-id=\"a8c4d13\" data-element_type=\"widget\" data-settings=\"{&quot;_ob_use_harakiri&quot;:&quot;yes&quot;,&quot;_ob_harakiri_writing_mode&quot;:&quot;inherit&quot;,&quot;_ob_harakiri_text_clip&quot;:&quot;none&quot;,&quot;_ob_perspektive_use&quot;:&quot;no&quot;,&quot;_ob_poopart_use&quot;:&quot;yes&quot;,&quot;_ob_shadough_use&quot;:&quot;no&quot;,&quot;_ob_allow_hoveranimator&quot;:&quot;no&quot;,&quot;_ob_widget_stalker_use&quot;:&quot;no&quot;}\" data-widget_type=\"heading.default\">\n\t\t\t\t<div class=\"elementor-widget-container\">\n\t\t\t<style>\/*! elementor - v3.23.0 - 05-08-2024 *\/\n.elementor-heading-title{padding:0;margin:0;line-height:1}.elementor-widget-heading .elementor-heading-title[class*=elementor-size-]>a{color:inherit;font-size:inherit;line-height:inherit}.elementor-widget-heading .elementor-heading-title.elementor-size-small{font-size:15px}.elementor-widget-heading .elementor-heading-title.elementor-size-medium{font-size:19px}.elementor-widget-heading .elementor-heading-title.elementor-size-large{font-size:29px}.elementor-widget-heading .elementor-heading-title.elementor-size-xl{font-size:39px}.elementor-widget-heading .elementor-heading-title.elementor-size-xxl{font-size:59px}<\/style><h2 class=\"elementor-heading-title elementor-size-default\">LA CREATIVIT\u00e0 NON CONOSCE DIFFERENZE DI LINGUE E DI NAZIONI, UNISCE I POPOLI E CREA NUOVA CULTURA.<\/h2>\t\t<\/div>\n\t\t\t\t<\/div>\n\t\t\t\t<div class=\"elementor-element elementor-element-f6f0960 ob-has-background-overlay elementor-widget elementor-widget-image\" data-id=\"f6f0960\" data-element_type=\"widget\" data-settings=\"{&quot;_ob_photomorph_use&quot;:&quot;no&quot;,&quot;_ob_perspektive_use&quot;:&quot;no&quot;,&quot;_ob_poopart_use&quot;:&quot;yes&quot;,&quot;_ob_shadough_use&quot;:&quot;no&quot;,&quot;_ob_allow_hoveranimator&quot;:&quot;no&quot;,&quot;_ob_widget_stalker_use&quot;:&quot;no&quot;}\" data-widget_type=\"image.default\">\n\t\t\t\t<div class=\"elementor-widget-container\">\n\t\t\t<style>\/*! elementor - v3.23.0 - 05-08-2024 *\/\n.elementor-widget-image{text-align:center}.elementor-widget-image a{display:inline-block}.elementor-widget-image a img[src$=\".svg\"]{width:48px}.elementor-widget-image img{vertical-align:middle;display:inline-block}<\/style>\t\t\t\t\t\t\t\t\t\t<img fetchpriority=\"high\" decoding=\"async\" width=\"768\" height=\"1024\" src=\"https:\/\/www.ideogamma.sm\/wp-content\/uploads\/2020\/05\/sergio-768x1024.jpg\" class=\"attachment-large size-large wp-image-7329\" alt=\"\" srcset=\"https:\/\/www.ideogamma.sm\/wp-content\/uploads\/2020\/05\/sergio-768x1024.jpg 768w, https:\/\/www.ideogamma.sm\/wp-content\/uploads\/2020\/05\/sergio-225x300.jpg 225w, https:\/\/www.ideogamma.sm\/wp-content\/uploads\/2020\/05\/sergio-375x500.jpg 375w, https:\/\/www.ideogamma.sm\/wp-content\/uploads\/2020\/05\/sergio-600x800.jpg 600w, https:\/\/www.ideogamma.sm\/wp-content\/uploads\/2020\/05\/sergio-960x1280.jpg 960w, https:\/\/www.ideogamma.sm\/wp-content\/uploads\/2020\/05\/sergio-1440x1920.jpg 1440w, https:\/\/www.ideogamma.sm\/wp-content\/uploads\/2020\/05\/sergio-1152x1536.jpg 1152w, https:\/\/www.ideogamma.sm\/wp-content\/uploads\/2020\/05\/sergio-1536x2048.jpg 1536w, https:\/\/www.ideogamma.sm\/wp-content\/uploads\/2020\/05\/sergio-500x667.jpg 500w, https:\/\/www.ideogamma.sm\/wp-content\/uploads\/2020\/05\/sergio-800x1067.jpg 800w, https:\/\/www.ideogamma.sm\/wp-content\/uploads\/2020\/05\/sergio-1280x1707.jpg 1280w, https:\/\/www.ideogamma.sm\/wp-content\/uploads\/2020\/05\/sergio-1200x1600.jpg 1200w, https:\/\/www.ideogamma.sm\/wp-content\/uploads\/2020\/05\/sergio.jpg 1620w\" sizes=\"(max-width: 768px) 100vw, 768px\" \/>\t\t\t\t\t\t\t\t\t\t\t\t\t<\/div>\n\t\t\t\t<\/div>\n\t\t\t\t\t<\/div>\n\t\t<\/div>\n\t\t\t\t<div class=\"elementor-column elementor-col-50 elementor-top-column elementor-element elementor-element-e1cb046\" data-id=\"e1cb046\" data-element_type=\"column\" data-settings=\"{&quot;_ob_bbad_is_stalker&quot;:&quot;no&quot;,&quot;_ob_teleporter_use&quot;:false,&quot;_ob_column_hoveranimator&quot;:&quot;no&quot;,&quot;_ob_column_has_pseudo&quot;:&quot;no&quot;}\">\n\t\t\t<div class=\"elementor-widget-wrap elementor-element-populated\">\n\t\t\t\t\t\t<div class=\"elementor-element elementor-element-eee26e4 ob-harakiri-inherit ob-has-background-overlay elementor-widget elementor-widget-text-editor\" data-id=\"eee26e4\" data-element_type=\"widget\" data-settings=\"{&quot;_ob_use_harakiri&quot;:&quot;yes&quot;,&quot;_ob_harakiri_writing_mode&quot;:&quot;inherit&quot;,&quot;_ob_postman_use&quot;:&quot;no&quot;,&quot;_ob_perspektive_use&quot;:&quot;no&quot;,&quot;_ob_poopart_use&quot;:&quot;yes&quot;,&quot;_ob_shadough_use&quot;:&quot;no&quot;,&quot;_ob_allow_hoveranimator&quot;:&quot;no&quot;,&quot;_ob_widget_stalker_use&quot;:&quot;no&quot;}\" data-widget_type=\"text-editor.default\">\n\t\t\t\t<div class=\"elementor-widget-container\">\n\t\t\t<style>\/*! elementor - v3.23.0 - 05-08-2024 *\/\n.elementor-widget-text-editor.elementor-drop-cap-view-stacked .elementor-drop-cap{background-color:#69727d;color:#fff}.elementor-widget-text-editor.elementor-drop-cap-view-framed .elementor-drop-cap{color:#69727d;border:3px solid;background-color:transparent}.elementor-widget-text-editor:not(.elementor-drop-cap-view-default) .elementor-drop-cap{margin-top:8px}.elementor-widget-text-editor:not(.elementor-drop-cap-view-default) .elementor-drop-cap-letter{width:1em;height:1em}.elementor-widget-text-editor .elementor-drop-cap{float:left;text-align:center;line-height:1;font-size:50px}.elementor-widget-text-editor .elementor-drop-cap-letter{display:inline-block}<\/style>\t\t\t\t<p>&nbsp;&nbsp;&nbsp;&nbsp;&nbsp;&nbsp; Chi da sempre ha lavorato con le immagini trova difficile raccontarsi con le parole.<br>Mi affido quindi alle pagine che seguono per dirvi qualcosa di me, della mia passione e dell\u2019azienda che ho costruito negli anni e che ha prodotto scenografie digitali per i grandi teatri del mondo.<br>Nel momento in cui ho deciso di raccogliere proprio queste immagini ho dovuto fare un grande lavoro di reperimento e di ricostruzione delle tappe e dei progetti realizzati, pi\u00f9 di 300; accanto alla fatica di scegliere le foto pi\u00f9 adatte al mio racconto ho cominciato da subito ad apprezzare il lavoro di revisione e di analisi a cui ho sottoposto tutti questi anni di impegno, e in ognuna di quelle opere, di quei titoli, in ogni conoscenza fatta (i registi, gli scenografi, le orchestre) ho ritrovato il segno di una lenta e progressiva crescita, non solo della mia professionalit\u00e0, ma anche della persona che oggi sono. Frequentare grandi teatri, grandi professionisti, ascoltare grande musica fa bene sempre e comunque, indipendentemente dai gusti e dalle preferenze.<br>Se \u00e8 vero che, citando Feuerbach, \u201csiamo ci\u00f2 che mangiamo\u201d \u00e8 ancor pi\u00f9 vero che gli stimoli con cui nutriamo le nostre menti ci permettono di crescere come persone nella sensibilit\u00e0, nella capacit\u00e0 di condividere esperienze e spazi, nel realizzare una societ\u00e0 globale e senza confini, basata sulla stima, il rispetto e la cultura.<br>Certo, partire dall\u2019Italia \u00e8 stato sicuramente un elemento di vantaggio: il nostro paese \u00e8 bellissimo, ricco di storia e di testimonianze; ovunque si vada, in ogni citt\u00e0, monumenti antichi, pittura e architettura ci insegnano giorno per giorno il senso dell\u2019armonia e del bello. Per non parlare dei grandi musicisti che qui hanno lavorato, traendo ispirazione proprio da quelle stesse strade, da quei panorami, da quelle luci e quei rumori tutt&#8217;ora anima del nostro bel paese.<br>Oggi mi sento di offrire questo ai professionisti che mi inviteranno a collaborare: continuare a rendere visibili i sogni, attingendo a una cultura personale maturata nell\u2019esperienza e nel lavoro, costruita pazientemente con tanti piccoli ma indispensabili mattoncini plasmati nel tempo con tutti coloro che ho conosciuto e con cui ho condiviso fatica e passione, la stessa che mi ha spinto a iniziare e che oggi mi d\u00e0 la forza di vivere oltre 250 giorni all\u2019anno fuori casa, di saltare da un aereo all\u2019altro con la certezza di trovare sempre un luogo magnifico dove esprimermi, aiutare altri ad esprimere s\u00e9 stessi, e a fornire al pubblico un grande spettacolo. Non solo per gli occhi ma soprattutto per la mente ed il cuore<br><\/p>\t\t\t\t\t\t<\/div>\n\t\t\t\t<\/div>\n\t\t\t\t<div class=\"elementor-element elementor-element-3dd6be6 ob-harakiri-inherit ob-has-background-overlay elementor-widget elementor-widget-heading\" data-id=\"3dd6be6\" data-element_type=\"widget\" data-settings=\"{&quot;_ob_use_harakiri&quot;:&quot;yes&quot;,&quot;_ob_harakiri_writing_mode&quot;:&quot;inherit&quot;,&quot;_ob_harakiri_text_clip&quot;:&quot;none&quot;,&quot;_ob_perspektive_use&quot;:&quot;no&quot;,&quot;_ob_poopart_use&quot;:&quot;yes&quot;,&quot;_ob_shadough_use&quot;:&quot;no&quot;,&quot;_ob_allow_hoveranimator&quot;:&quot;no&quot;,&quot;_ob_widget_stalker_use&quot;:&quot;no&quot;}\" data-widget_type=\"heading.default\">\n\t\t\t\t<div class=\"elementor-widget-container\">\n\t\t\t<h1 class=\"elementor-heading-title elementor-size-default\">Sergio Metalli<\/h1>\t\t<\/div>\n\t\t\t\t<\/div>\n\t\t\t\t\t<\/div>\n\t\t<\/div>\n\t\t\t\t\t<\/div>\n\t\t<\/section>\n\t\t\t\t<\/div>\n\t\t","protected":false},"excerpt":{"rendered":"<p>LA CREATIVIT\u00e0 NON CONOSCE DIFFERENZE DI LINGUE E DI NAZIONI, UNISCE I POPOLI E CREA NUOVA CULTURA. &nbsp;&nbsp;&nbsp;&nbsp;&nbsp;&nbsp; Chi da sempre ha lavorato con le immagini trova difficile raccontarsi con le parole.Mi affido quindi alle pagine che seguono per dirvi qualcosa di me, della mia passione e dell\u2019azienda che ho costruito negli anni e che [&hellip;]<\/p>\n","protected":false},"author":6,"featured_media":0,"parent":0,"menu_order":0,"comment_status":"closed","ping_status":"closed","template":"elementor_header_footer","meta":{"_acf_changed":false,"_monsterinsights_skip_tracking":false,"_monsterinsights_sitenote_active":false,"_monsterinsights_sitenote_note":"","_monsterinsights_sitenote_category":0,"footnotes":""},"class_list":["post-7327","page","type-page","status-publish","hentry"],"acf":[],"_links":{"self":[{"href":"https:\/\/www.ideogamma.sm\/it\/wp-json\/wp\/v2\/pages\/7327"}],"collection":[{"href":"https:\/\/www.ideogamma.sm\/it\/wp-json\/wp\/v2\/pages"}],"about":[{"href":"https:\/\/www.ideogamma.sm\/it\/wp-json\/wp\/v2\/types\/page"}],"author":[{"embeddable":true,"href":"https:\/\/www.ideogamma.sm\/it\/wp-json\/wp\/v2\/users\/6"}],"replies":[{"embeddable":true,"href":"https:\/\/www.ideogamma.sm\/it\/wp-json\/wp\/v2\/comments?post=7327"}],"version-history":[{"count":18,"href":"https:\/\/www.ideogamma.sm\/it\/wp-json\/wp\/v2\/pages\/7327\/revisions"}],"predecessor-version":[{"id":16390,"href":"https:\/\/www.ideogamma.sm\/it\/wp-json\/wp\/v2\/pages\/7327\/revisions\/16390"}],"wp:attachment":[{"href":"https:\/\/www.ideogamma.sm\/it\/wp-json\/wp\/v2\/media?parent=7327"}],"curies":[{"name":"wp","href":"https:\/\/api.w.org\/{rel}","templated":true}]}}