{"id":7350,"date":"2020-06-25T16:13:27","date_gmt":"2020-06-25T14:13:27","guid":{"rendered":"http:\/\/www.ideogamma.sm\/ideogamma\/"},"modified":"2020-11-18T12:58:12","modified_gmt":"2020-11-18T11:58:12","slug":"ideogamma","status":"publish","type":"page","link":"https:\/\/www.ideogamma.sm\/it\/ideogamma\/","title":{"rendered":"Ideogamma"},"content":{"rendered":"\t\t<div data-elementor-type=\"wp-page\" data-elementor-id=\"7350\" class=\"elementor elementor-7350 elementor-2447\" data-elementor-post-type=\"page\">\n\t\t\t\t\t\t<section class=\"ob-is-breaking-bad elementor-section elementor-top-section elementor-element elementor-element-ce7f8db elementor-section-boxed elementor-section-height-default elementor-section-height-default\" data-id=\"ce7f8db\" data-element_type=\"section\" data-settings=\"{&quot;_ob_bbad_use_it&quot;:&quot;yes&quot;,&quot;_ob_bbad_sssic_use&quot;:&quot;no&quot;,&quot;_ob_glider_is_slider&quot;:&quot;no&quot;}\">\n\t\t\t\t\t\t<div class=\"elementor-container elementor-column-gap-default\">\n\t\t\t\t\t<div class=\"elementor-column elementor-col-50 elementor-top-column elementor-element elementor-element-ae2de06\" data-id=\"ae2de06\" data-element_type=\"column\" data-settings=\"{&quot;_ob_bbad_is_stalker&quot;:&quot;no&quot;,&quot;_ob_teleporter_use&quot;:false,&quot;_ob_column_hoveranimator&quot;:&quot;no&quot;,&quot;_ob_column_has_pseudo&quot;:&quot;no&quot;}\">\n\t\t\t<div class=\"elementor-widget-wrap elementor-element-populated\">\n\t\t\t\t\t\t<div class=\"elementor-element elementor-element-bdf27ff ob-harakiri-inherit ob-has-background-overlay elementor-widget elementor-widget-heading\" data-id=\"bdf27ff\" data-element_type=\"widget\" data-settings=\"{&quot;_ob_use_harakiri&quot;:&quot;yes&quot;,&quot;_ob_harakiri_writing_mode&quot;:&quot;inherit&quot;,&quot;_ob_harakiri_text_clip&quot;:&quot;none&quot;,&quot;_ob_perspektive_use&quot;:&quot;no&quot;,&quot;_ob_poopart_use&quot;:&quot;yes&quot;,&quot;_ob_shadough_use&quot;:&quot;no&quot;,&quot;_ob_allow_hoveranimator&quot;:&quot;no&quot;,&quot;_ob_widget_stalker_use&quot;:&quot;no&quot;}\" data-widget_type=\"heading.default\">\n\t\t\t\t<div class=\"elementor-widget-container\">\n\t\t\t<style>\/*! elementor - v3.23.0 - 05-08-2024 *\/\n.elementor-heading-title{padding:0;margin:0;line-height:1}.elementor-widget-heading .elementor-heading-title[class*=elementor-size-]>a{color:inherit;font-size:inherit;line-height:inherit}.elementor-widget-heading .elementor-heading-title.elementor-size-small{font-size:15px}.elementor-widget-heading .elementor-heading-title.elementor-size-medium{font-size:19px}.elementor-widget-heading .elementor-heading-title.elementor-size-large{font-size:29px}.elementor-widget-heading .elementor-heading-title.elementor-size-xl{font-size:39px}.elementor-widget-heading .elementor-heading-title.elementor-size-xxl{font-size:59px}<\/style><h5 class=\"elementor-heading-title elementor-size-default\">IERI, OGGI , DOMANI<\/h5>\t\t<\/div>\n\t\t\t\t<\/div>\n\t\t\t\t<div class=\"elementor-element elementor-element-65f7186 elementor-widget__width-inherit ob-has-background-overlay elementor-widget elementor-widget-image\" data-id=\"65f7186\" data-element_type=\"widget\" data-settings=\"{&quot;_ob_photomorph_use&quot;:&quot;no&quot;,&quot;_ob_perspektive_use&quot;:&quot;no&quot;,&quot;_ob_poopart_use&quot;:&quot;yes&quot;,&quot;_ob_shadough_use&quot;:&quot;no&quot;,&quot;_ob_allow_hoveranimator&quot;:&quot;no&quot;,&quot;_ob_widget_stalker_use&quot;:&quot;no&quot;}\" data-widget_type=\"image.default\">\n\t\t\t\t<div class=\"elementor-widget-container\">\n\t\t\t<style>\/*! elementor - v3.23.0 - 05-08-2024 *\/\n.elementor-widget-image{text-align:center}.elementor-widget-image a{display:inline-block}.elementor-widget-image a img[src$=\".svg\"]{width:48px}.elementor-widget-image img{vertical-align:middle;display:inline-block}<\/style>\t\t\t\t\t\t\t\t\t\t<img fetchpriority=\"high\" decoding=\"async\" width=\"1080\" height=\"1080\" src=\"https:\/\/www.ideogamma.sm\/wp-content\/uploads\/2020\/07\/141_12122016799B1477-e1594712752917.jpg\" class=\"attachment-full size-full wp-image-7352\" alt=\"\" srcset=\"https:\/\/www.ideogamma.sm\/wp-content\/uploads\/2020\/07\/141_12122016799B1477-e1594712752917.jpg 1080w, https:\/\/www.ideogamma.sm\/wp-content\/uploads\/2020\/07\/141_12122016799B1477-e1594712752917-300x300.jpg 300w, https:\/\/www.ideogamma.sm\/wp-content\/uploads\/2020\/07\/141_12122016799B1477-e1594712752917-1024x1024.jpg 1024w, https:\/\/www.ideogamma.sm\/wp-content\/uploads\/2020\/07\/141_12122016799B1477-e1594712752917-150x150.jpg 150w, https:\/\/www.ideogamma.sm\/wp-content\/uploads\/2020\/07\/141_12122016799B1477-e1594712752917-768x768.jpg 768w\" sizes=\"(max-width: 1080px) 100vw, 1080px\" \/>\t\t\t\t\t\t\t\t\t\t\t\t\t<\/div>\n\t\t\t\t<\/div>\n\t\t\t\t\t<\/div>\n\t\t<\/div>\n\t\t\t\t<div class=\"elementor-column elementor-col-50 elementor-top-column elementor-element elementor-element-b001429\" data-id=\"b001429\" data-element_type=\"column\" data-settings=\"{&quot;_ob_bbad_is_stalker&quot;:&quot;no&quot;,&quot;_ob_teleporter_use&quot;:false,&quot;_ob_column_hoveranimator&quot;:&quot;no&quot;,&quot;_ob_column_has_pseudo&quot;:&quot;no&quot;}\">\n\t\t\t<div class=\"elementor-widget-wrap elementor-element-populated\">\n\t\t\t\t\t\t<div class=\"elementor-element elementor-element-7427b6b ob-harakiri-inherit ob-has-background-overlay elementor-widget elementor-widget-text-editor\" data-id=\"7427b6b\" data-element_type=\"widget\" data-settings=\"{&quot;_ob_use_harakiri&quot;:&quot;yes&quot;,&quot;_ob_harakiri_writing_mode&quot;:&quot;inherit&quot;,&quot;_ob_postman_use&quot;:&quot;no&quot;,&quot;_ob_perspektive_use&quot;:&quot;no&quot;,&quot;_ob_poopart_use&quot;:&quot;yes&quot;,&quot;_ob_shadough_use&quot;:&quot;no&quot;,&quot;_ob_allow_hoveranimator&quot;:&quot;no&quot;,&quot;_ob_widget_stalker_use&quot;:&quot;no&quot;}\" data-widget_type=\"text-editor.default\">\n\t\t\t\t<div class=\"elementor-widget-container\">\n\t\t\t<style>\/*! elementor - v3.23.0 - 05-08-2024 *\/\n.elementor-widget-text-editor.elementor-drop-cap-view-stacked .elementor-drop-cap{background-color:#69727d;color:#fff}.elementor-widget-text-editor.elementor-drop-cap-view-framed .elementor-drop-cap{color:#69727d;border:3px solid;background-color:transparent}.elementor-widget-text-editor:not(.elementor-drop-cap-view-default) .elementor-drop-cap{margin-top:8px}.elementor-widget-text-editor:not(.elementor-drop-cap-view-default) .elementor-drop-cap-letter{width:1em;height:1em}.elementor-widget-text-editor .elementor-drop-cap{float:left;text-align:center;line-height:1;font-size:50px}.elementor-widget-text-editor .elementor-drop-cap-letter{display:inline-block}<\/style>\t\t\t\t<p>\u00a0\u00a0\u00a0\u00a0 Le immagini che avete sfogliato non parlano solo di teatro ma raccontano anche molto di me. A questo punto della mia vita ho sentito il bisogno di valutare il lavoro fatto in questi 30 anni, e fissarlo sulle pagine di un libro mi sembrava la forma migliore. Noi tutti siamo figli della storia e del mondo e su queste pagine ritrovo quella parte di me cresciuta fra le bellezze dell\u2019arte, tra i segni tangibili di antiche civilt\u00e0, in un paesaggio meraviglioso da sempre ispirazione di poeti e pittori, il mio essere italiano. <br \/>Oggi questo \u00e8 il valore che mi sento di portare nel mondo insieme alle mie attrezzature e alle mie scenografie virtuali; per le quali preferisco pensare che non siano semplicemente \u201cmade in Italy\u201d ma bens\u00ec pi\u00f9 profondamente \u201cborn in Italy\u201d.<br \/>E allora poco importa sapere quando e dove sono nato, che studi ho fatto e dove ho lavorato; la mia ricchezza da condividere \u00e8 proprio questo insieme di valori e informazioni che, stimolato e accresciuto dal confronto continuo con i grandi Professionisti del teatro, d\u00e0 vita ad un prodotto unico e capace di forti emozioni nel racconto.<br \/>In futuro? \u00c8 la mia passione che mi ha guidato fino a qui e continuer\u00f2 a seguirla ancora, fedele consigliera di scelte e decisioni. Con una risorsa in pi\u00f9, mio figlio Mattia, che gi\u00e0 da pi\u00f9 di vent&#8217;anni mi segue e lavora con me, ormai con una sua esperienza propria e una sua capacit\u00e0 di affrontare nuove sfide e cavalcare le nuove tecnologie. Con l\u2019umilt\u00e0 e la pazienza che fin&#8217;ora ha dimostrato nell\u2019imparare e crescere lavorando, sono sicuro che sapr\u00e0 proseguire l\u00e0 ove un giorno, forse, io non avr\u00f2 pi\u00f9 la forza di seguirlo.<\/p>\t\t\t\t\t\t<\/div>\n\t\t\t\t<\/div>\n\t\t\t\t<div class=\"elementor-element elementor-element-91881c3 ob-harakiri-inherit ob-has-background-overlay elementor-widget elementor-widget-heading\" data-id=\"91881c3\" data-element_type=\"widget\" data-settings=\"{&quot;_ob_use_harakiri&quot;:&quot;yes&quot;,&quot;_ob_harakiri_writing_mode&quot;:&quot;inherit&quot;,&quot;_ob_harakiri_text_clip&quot;:&quot;none&quot;,&quot;_ob_perspektive_use&quot;:&quot;no&quot;,&quot;_ob_poopart_use&quot;:&quot;yes&quot;,&quot;_ob_shadough_use&quot;:&quot;no&quot;,&quot;_ob_allow_hoveranimator&quot;:&quot;no&quot;,&quot;_ob_widget_stalker_use&quot;:&quot;no&quot;}\" data-widget_type=\"heading.default\">\n\t\t\t\t<div class=\"elementor-widget-container\">\n\t\t\t<h1 class=\"elementor-heading-title elementor-size-default\">Sergio Metalli<\/h1>\t\t<\/div>\n\t\t\t\t<\/div>\n\t\t\t\t\t<\/div>\n\t\t<\/div>\n\t\t\t\t\t<\/div>\n\t\t<\/section>\n\t\t\t\t<\/div>\n\t\t","protected":false},"excerpt":{"rendered":"<p>IERI, OGGI , DOMANI \u00a0\u00a0\u00a0\u00a0 Le immagini che avete sfogliato non parlano solo di teatro ma raccontano anche molto di me. A questo punto della mia vita ho sentito il bisogno di valutare il lavoro fatto in questi 30 anni, e fissarlo sulle pagine di un libro mi sembrava la forma migliore. Noi tutti siamo [&hellip;]<\/p>\n","protected":false},"author":6,"featured_media":0,"parent":0,"menu_order":0,"comment_status":"closed","ping_status":"closed","template":"elementor_header_footer","meta":{"_acf_changed":false,"_monsterinsights_skip_tracking":false,"_monsterinsights_sitenote_active":false,"_monsterinsights_sitenote_note":"","_monsterinsights_sitenote_category":0,"footnotes":""},"class_list":["post-7350","page","type-page","status-publish","hentry"],"acf":[],"_links":{"self":[{"href":"https:\/\/www.ideogamma.sm\/it\/wp-json\/wp\/v2\/pages\/7350"}],"collection":[{"href":"https:\/\/www.ideogamma.sm\/it\/wp-json\/wp\/v2\/pages"}],"about":[{"href":"https:\/\/www.ideogamma.sm\/it\/wp-json\/wp\/v2\/types\/page"}],"author":[{"embeddable":true,"href":"https:\/\/www.ideogamma.sm\/it\/wp-json\/wp\/v2\/users\/6"}],"replies":[{"embeddable":true,"href":"https:\/\/www.ideogamma.sm\/it\/wp-json\/wp\/v2\/comments?post=7350"}],"version-history":[{"count":6,"href":"https:\/\/www.ideogamma.sm\/it\/wp-json\/wp\/v2\/pages\/7350\/revisions"}],"predecessor-version":[{"id":14025,"href":"https:\/\/www.ideogamma.sm\/it\/wp-json\/wp\/v2\/pages\/7350\/revisions\/14025"}],"wp:attachment":[{"href":"https:\/\/www.ideogamma.sm\/it\/wp-json\/wp\/v2\/media?parent=7350"}],"curies":[{"name":"wp","href":"https:\/\/api.w.org\/{rel}","templated":true}]}}