{"id":8190,"date":"2014-04-03T10:15:00","date_gmt":"2014-04-03T08:15:00","guid":{"rendered":"http:\/\/www.ideogamma.sm\/?page_id=8190"},"modified":"2021-02-20T15:39:11","modified_gmt":"2021-02-20T14:39:11","slug":"il-felliniano-oceano-adriatico-di-metalli","status":"publish","type":"page","link":"https:\/\/www.ideogamma.sm\/it\/pressposts\/il-felliniano-oceano-adriatico-di-metalli\/","title":{"rendered":"Il Felliniano \u201cOceano Adriatico\u201d di Metalli"},"content":{"rendered":"\t\t<div data-elementor-type=\"wp-page\" data-elementor-id=\"8190\" class=\"elementor elementor-8190 elementor-8120\" data-elementor-post-type=\"page\">\n\t\t\t\t\t\t<section class=\"ob-is-breaking-bad elementor-section elementor-top-section elementor-element elementor-element-24fdf5b4 elementor-section-full_width elementor-section-height-default elementor-section-height-default\" data-id=\"24fdf5b4\" data-element_type=\"section\" data-settings=\"{&quot;_ob_bbad_use_it&quot;:&quot;yes&quot;,&quot;_ob_bbad_sssic_use&quot;:&quot;no&quot;,&quot;_ob_glider_is_slider&quot;:&quot;no&quot;}\">\n\t\t\t\t\t\t<div class=\"elementor-container elementor-column-gap-default\">\n\t\t\t\t\t<div class=\"elementor-column elementor-col-100 elementor-top-column elementor-element elementor-element-634ef660\" data-id=\"634ef660\" data-element_type=\"column\" data-settings=\"{&quot;_ob_bbad_is_stalker&quot;:&quot;no&quot;,&quot;_ob_teleporter_use&quot;:false,&quot;_ob_column_hoveranimator&quot;:&quot;no&quot;,&quot;_ob_column_has_pseudo&quot;:&quot;no&quot;}\">\n\t\t\t<div class=\"elementor-widget-wrap elementor-element-populated\">\n\t\t\t\t\t\t<div class=\"elementor-element elementor-element-290a5e23 elementor-hidden-desktop elementor-hidden-tablet elementor-hidden-phone ob-harakiri-inherit ob-has-background-overlay elementor-widget elementor-widget-heading\" data-id=\"290a5e23\" data-element_type=\"widget\" data-settings=\"{&quot;_ob_use_harakiri&quot;:&quot;yes&quot;,&quot;_ob_harakiri_writing_mode&quot;:&quot;inherit&quot;,&quot;_ob_harakiri_text_clip&quot;:&quot;none&quot;,&quot;_ob_perspektive_use&quot;:&quot;no&quot;,&quot;_ob_poopart_use&quot;:&quot;yes&quot;,&quot;_ob_shadough_use&quot;:&quot;no&quot;,&quot;_ob_allow_hoveranimator&quot;:&quot;no&quot;,&quot;_ob_widget_stalker_use&quot;:&quot;no&quot;}\" data-widget_type=\"heading.default\">\n\t\t\t\t<div class=\"elementor-widget-container\">\n\t\t\t<style>\/*! elementor - v3.23.0 - 05-08-2024 *\/\n.elementor-heading-title{padding:0;margin:0;line-height:1}.elementor-widget-heading .elementor-heading-title[class*=elementor-size-]>a{color:inherit;font-size:inherit;line-height:inherit}.elementor-widget-heading .elementor-heading-title.elementor-size-small{font-size:15px}.elementor-widget-heading .elementor-heading-title.elementor-size-medium{font-size:19px}.elementor-widget-heading .elementor-heading-title.elementor-size-large{font-size:29px}.elementor-widget-heading .elementor-heading-title.elementor-size-xl{font-size:39px}.elementor-widget-heading .elementor-heading-title.elementor-size-xxl{font-size:59px}<\/style><h2 class=\"elementor-heading-title elementor-size-default\"><a href=\"https:\/\/www.ideogamma.sm\/2001\/una-lady-macbeth-del-distretto-di-mtsensk\/\">&nbsp; &nbsp; &nbsp; Relativo al progetto: Oceano Adriatico &nbsp; &nbsp;<\/a><\/h2>\t\t<\/div>\n\t\t\t\t<\/div>\n\t\t\t\t<section class=\"elementor-section elementor-inner-section elementor-element elementor-element-df5065d elementor-section-full_width elementor-section-height-default elementor-section-height-default\" data-id=\"df5065d\" data-element_type=\"section\" data-settings=\"{&quot;_ob_glider_is_slider&quot;:&quot;no&quot;}\">\n\t\t\t\t\t\t<div class=\"elementor-container elementor-column-gap-default\">\n\t\t\t\t\t<div class=\"elementor-column elementor-col-66 elementor-inner-column elementor-element elementor-element-208947b7\" data-id=\"208947b7\" data-element_type=\"column\" data-settings=\"{&quot;_ob_bbad_is_stalker&quot;:&quot;no&quot;,&quot;_ob_teleporter_use&quot;:false,&quot;_ob_column_hoveranimator&quot;:&quot;no&quot;,&quot;_ob_column_has_pseudo&quot;:&quot;no&quot;}\">\n\t\t\t<div class=\"elementor-widget-wrap elementor-element-populated\">\n\t\t\t\t\t\t<div class=\"elementor-element elementor-element-1030f52d ob-harakiri-inherit ob-has-background-overlay elementor-widget elementor-widget-heading\" data-id=\"1030f52d\" data-element_type=\"widget\" data-settings=\"{&quot;_ob_use_harakiri&quot;:&quot;yes&quot;,&quot;_ob_harakiri_writing_mode&quot;:&quot;inherit&quot;,&quot;_ob_harakiri_text_clip&quot;:&quot;none&quot;,&quot;_ob_perspektive_use&quot;:&quot;no&quot;,&quot;_ob_poopart_use&quot;:&quot;yes&quot;,&quot;_ob_shadough_use&quot;:&quot;no&quot;,&quot;_ob_allow_hoveranimator&quot;:&quot;no&quot;,&quot;_ob_widget_stalker_use&quot;:&quot;no&quot;}\" data-widget_type=\"heading.default\">\n\t\t\t\t<div class=\"elementor-widget-container\">\n\t\t\t<h3 class=\"elementor-heading-title elementor-size-default\">Corriere Romagna - Italia - quotidiano<\/h3>\t\t<\/div>\n\t\t\t\t<\/div>\n\t\t\t\t\t<\/div>\n\t\t<\/div>\n\t\t\t\t<div class=\"elementor-column elementor-col-33 elementor-inner-column elementor-element elementor-element-36164e1a\" data-id=\"36164e1a\" data-element_type=\"column\" data-settings=\"{&quot;_ob_bbad_is_stalker&quot;:&quot;no&quot;,&quot;_ob_teleporter_use&quot;:false,&quot;_ob_column_hoveranimator&quot;:&quot;no&quot;,&quot;_ob_column_has_pseudo&quot;:&quot;no&quot;}\">\n\t\t\t<div class=\"elementor-widget-wrap elementor-element-populated\">\n\t\t\t\t\t\t<div class=\"elementor-element elementor-element-ac02853 elementor-widget__width-inherit ob-harakiri-inherit ob-has-background-overlay elementor-widget elementor-widget-heading\" data-id=\"ac02853\" data-element_type=\"widget\" data-settings=\"{&quot;_ob_use_harakiri&quot;:&quot;yes&quot;,&quot;_ob_harakiri_writing_mode&quot;:&quot;inherit&quot;,&quot;_ob_harakiri_text_clip&quot;:&quot;none&quot;,&quot;_ob_perspektive_use&quot;:&quot;no&quot;,&quot;_ob_poopart_use&quot;:&quot;yes&quot;,&quot;_ob_shadough_use&quot;:&quot;no&quot;,&quot;_ob_allow_hoveranimator&quot;:&quot;no&quot;,&quot;_ob_widget_stalker_use&quot;:&quot;no&quot;}\" data-widget_type=\"heading.default\">\n\t\t\t\t<div class=\"elementor-widget-container\">\n\t\t\t<h3 class=\"elementor-heading-title elementor-size-default\">03 Aprile 2014<\/h3>\t\t<\/div>\n\t\t\t\t<\/div>\n\t\t\t\t\t<\/div>\n\t\t<\/div>\n\t\t\t\t\t<\/div>\n\t\t<\/section>\n\t\t\t\t<section class=\"ob-is-breaking-bad ob-bb-inner elementor-section elementor-inner-section elementor-element elementor-element-2cee0a34 elementor-section-full_width elementor-section-height-default elementor-section-height-default\" data-id=\"2cee0a34\" data-element_type=\"section\" data-settings=\"{&quot;_ob_bbad_use_it&quot;:&quot;yes&quot;,&quot;_ob_bbad_sssic_use&quot;:&quot;no&quot;,&quot;_ob_glider_is_slider&quot;:&quot;no&quot;}\">\n\t\t\t\t\t\t<div class=\"elementor-container elementor-column-gap-default\">\n\t\t\t\t\t<div class=\"elementor-column elementor-col-50 elementor-inner-column elementor-element elementor-element-625baae\" data-id=\"625baae\" data-element_type=\"column\" data-settings=\"{&quot;_ob_bbad_is_stalker&quot;:&quot;no&quot;,&quot;_ob_teleporter_use&quot;:false,&quot;_ob_column_hoveranimator&quot;:&quot;no&quot;,&quot;_ob_column_has_pseudo&quot;:&quot;no&quot;}\">\n\t\t\t<div class=\"elementor-widget-wrap elementor-element-populated\">\n\t\t\t\t\t\t<div class=\"elementor-element elementor-element-56c44fb ob-harakiri-inherit ob-has-background-overlay elementor-widget elementor-widget-heading\" data-id=\"56c44fb\" data-element_type=\"widget\" data-settings=\"{&quot;_ob_use_harakiri&quot;:&quot;yes&quot;,&quot;_ob_harakiri_writing_mode&quot;:&quot;inherit&quot;,&quot;_ob_harakiri_text_clip&quot;:&quot;none&quot;,&quot;_ob_perspektive_use&quot;:&quot;no&quot;,&quot;_ob_poopart_use&quot;:&quot;yes&quot;,&quot;_ob_shadough_use&quot;:&quot;no&quot;,&quot;_ob_allow_hoveranimator&quot;:&quot;no&quot;,&quot;_ob_widget_stalker_use&quot;:&quot;no&quot;}\" data-widget_type=\"heading.default\">\n\t\t\t\t<div class=\"elementor-widget-container\">\n\t\t\t<h2 class=\"elementor-heading-title elementor-size-default\"><a href=\"https:\/\/www.ideogamma.sm\/2001\/una-lady-macbeth-del-distretto-di-mtsensk\/\">Relativo al progetto: Oceano Adriatico<\/a><\/h2>\t\t<\/div>\n\t\t\t\t<\/div>\n\t\t\t\t<div class=\"elementor-element elementor-element-1463f51e ob-has-background-overlay elementor-widget elementor-widget-image\" data-id=\"1463f51e\" data-element_type=\"widget\" data-settings=\"{&quot;_ob_photomorph_use&quot;:&quot;no&quot;,&quot;_ob_perspektive_use&quot;:&quot;no&quot;,&quot;_ob_poopart_use&quot;:&quot;yes&quot;,&quot;_ob_shadough_use&quot;:&quot;no&quot;,&quot;_ob_allow_hoveranimator&quot;:&quot;no&quot;,&quot;_ob_widget_stalker_use&quot;:&quot;no&quot;}\" data-widget_type=\"image.default\">\n\t\t\t\t<div class=\"elementor-widget-container\">\n\t\t\t<style>\/*! elementor - v3.23.0 - 05-08-2024 *\/\n.elementor-widget-image{text-align:center}.elementor-widget-image a{display:inline-block}.elementor-widget-image a img[src$=\".svg\"]{width:48px}.elementor-widget-image img{vertical-align:middle;display:inline-block}<\/style>\t\t\t\t\t\t\t\t\t\t<img fetchpriority=\"high\" decoding=\"async\" width=\"1620\" height=\"1080\" src=\"https:\/\/www.ideogamma.sm\/wp-content\/uploads\/2020\/07\/006_Pag-54-IMG_1002.jpg\" class=\"attachment-full size-full wp-image-4595\" alt=\"\" srcset=\"https:\/\/www.ideogamma.sm\/wp-content\/uploads\/2020\/07\/006_Pag-54-IMG_1002.jpg 1620w, https:\/\/www.ideogamma.sm\/wp-content\/uploads\/2020\/07\/006_Pag-54-IMG_1002-300x200.jpg 300w, https:\/\/www.ideogamma.sm\/wp-content\/uploads\/2020\/07\/006_Pag-54-IMG_1002-1024x683.jpg 1024w, https:\/\/www.ideogamma.sm\/wp-content\/uploads\/2020\/07\/006_Pag-54-IMG_1002-768x512.jpg 768w, https:\/\/www.ideogamma.sm\/wp-content\/uploads\/2020\/07\/006_Pag-54-IMG_1002-1536x1024.jpg 1536w, https:\/\/www.ideogamma.sm\/wp-content\/uploads\/2020\/07\/006_Pag-54-IMG_1002-1200x800.jpg 1200w\" sizes=\"(max-width: 1620px) 100vw, 1620px\" \/>\t\t\t\t\t\t\t\t\t\t\t\t\t<\/div>\n\t\t\t\t<\/div>\n\t\t\t\t<div class=\"elementor-element elementor-element-2d508c3b ob-has-background-overlay elementor-widget elementor-widget-image\" data-id=\"2d508c3b\" data-element_type=\"widget\" data-settings=\"{&quot;_ob_photomorph_use&quot;:&quot;no&quot;,&quot;_ob_perspektive_use&quot;:&quot;no&quot;,&quot;_ob_poopart_use&quot;:&quot;yes&quot;,&quot;_ob_shadough_use&quot;:&quot;no&quot;,&quot;_ob_allow_hoveranimator&quot;:&quot;no&quot;,&quot;_ob_widget_stalker_use&quot;:&quot;no&quot;}\" data-widget_type=\"image.default\">\n\t\t\t\t<div class=\"elementor-widget-container\">\n\t\t\t\t\t\t\t\t\t\t\t\t\t<img decoding=\"async\" width=\"600\" height=\"159\" src=\"https:\/\/www.ideogamma.sm\/wp-content\/uploads\/2014\/12\/corriere.png\" class=\"attachment-full size-full wp-image-4584\" alt=\"\" srcset=\"https:\/\/www.ideogamma.sm\/wp-content\/uploads\/2014\/12\/corriere.png 600w, https:\/\/www.ideogamma.sm\/wp-content\/uploads\/2014\/12\/corriere-300x80.png 300w\" sizes=\"(max-width: 600px) 100vw, 600px\" \/>\t\t\t\t\t\t\t\t\t\t\t\t\t<\/div>\n\t\t\t\t<\/div>\n\t\t\t\t\t<\/div>\n\t\t<\/div>\n\t\t\t\t<div class=\"elementor-column elementor-col-50 elementor-inner-column elementor-element elementor-element-505c167f\" data-id=\"505c167f\" data-element_type=\"column\" data-settings=\"{&quot;_ob_bbad_is_stalker&quot;:&quot;no&quot;,&quot;_ob_teleporter_use&quot;:false,&quot;_ob_column_hoveranimator&quot;:&quot;no&quot;,&quot;_ob_column_has_pseudo&quot;:&quot;no&quot;}\">\n\t\t\t<div class=\"elementor-widget-wrap elementor-element-populated\">\n\t\t\t\t\t\t<div class=\"elementor-element elementor-element-7104e53c ob-harakiri-inherit ob-has-background-overlay elementor-widget elementor-widget-heading\" data-id=\"7104e53c\" data-element_type=\"widget\" data-settings=\"{&quot;_ob_use_harakiri&quot;:&quot;yes&quot;,&quot;_ob_harakiri_writing_mode&quot;:&quot;inherit&quot;,&quot;_ob_harakiri_text_clip&quot;:&quot;none&quot;,&quot;_ob_perspektive_use&quot;:&quot;no&quot;,&quot;_ob_poopart_use&quot;:&quot;yes&quot;,&quot;_ob_shadough_use&quot;:&quot;no&quot;,&quot;_ob_allow_hoveranimator&quot;:&quot;no&quot;,&quot;_ob_widget_stalker_use&quot;:&quot;no&quot;}\" data-widget_type=\"heading.default\">\n\t\t\t\t<div class=\"elementor-widget-container\">\n\t\t\t<h2 class=\"elementor-heading-title elementor-size-default\">Il Felliniano \u201cOceano Adriatico\u201d di Metalli<\/h2>\t\t<\/div>\n\t\t\t\t<\/div>\n\t\t\t\t<div class=\"elementor-element elementor-element-63aa7465 ob-harakiri-inherit ob-has-background-overlay elementor-widget elementor-widget-heading\" data-id=\"63aa7465\" data-element_type=\"widget\" data-settings=\"{&quot;_ob_use_harakiri&quot;:&quot;yes&quot;,&quot;_ob_harakiri_writing_mode&quot;:&quot;inherit&quot;,&quot;_ob_harakiri_text_clip&quot;:&quot;none&quot;,&quot;_ob_perspektive_use&quot;:&quot;no&quot;,&quot;_ob_poopart_use&quot;:&quot;yes&quot;,&quot;_ob_shadough_use&quot;:&quot;no&quot;,&quot;_ob_allow_hoveranimator&quot;:&quot;no&quot;,&quot;_ob_widget_stalker_use&quot;:&quot;no&quot;}\" data-widget_type=\"heading.default\">\n\t\t\t\t<div class=\"elementor-widget-container\">\n\t\t\t<h2 class=\"elementor-heading-title elementor-size-default\">Il projection designer riminese torna virtualmente a casa col suo ultimo lavoro<\/h2>\t\t<\/div>\n\t\t\t\t<\/div>\n\t\t\t\t<div class=\"elementor-element elementor-element-5630abe6 ob-harakiri-inherit ob-has-background-overlay elementor-widget elementor-widget-text-editor\" data-id=\"5630abe6\" data-element_type=\"widget\" data-settings=\"{&quot;_ob_use_harakiri&quot;:&quot;yes&quot;,&quot;_ob_harakiri_writing_mode&quot;:&quot;inherit&quot;,&quot;_ob_postman_use&quot;:&quot;no&quot;,&quot;_ob_perspektive_use&quot;:&quot;no&quot;,&quot;_ob_poopart_use&quot;:&quot;yes&quot;,&quot;_ob_shadough_use&quot;:&quot;no&quot;,&quot;_ob_allow_hoveranimator&quot;:&quot;no&quot;,&quot;_ob_widget_stalker_use&quot;:&quot;no&quot;}\" data-widget_type=\"text-editor.default\">\n\t\t\t\t<div class=\"elementor-widget-container\">\n\t\t\t<style>\/*! elementor - v3.23.0 - 05-08-2024 *\/\n.elementor-widget-text-editor.elementor-drop-cap-view-stacked .elementor-drop-cap{background-color:#69727d;color:#fff}.elementor-widget-text-editor.elementor-drop-cap-view-framed .elementor-drop-cap{color:#69727d;border:3px solid;background-color:transparent}.elementor-widget-text-editor:not(.elementor-drop-cap-view-default) .elementor-drop-cap{margin-top:8px}.elementor-widget-text-editor:not(.elementor-drop-cap-view-default) .elementor-drop-cap-letter{width:1em;height:1em}.elementor-widget-text-editor .elementor-drop-cap{float:left;text-align:center;line-height:1;font-size:50px}.elementor-widget-text-editor .elementor-drop-cap-letter{display:inline-block}<\/style>\t\t\t\t<p>Questa settimana, prima di tornare all\u2019 Opera House di Astana con le sue creazioni per \u201cSwan Lake\u201d e poi\u00a0 proseguire per Pechino per \u201cIl Trovatore\u201d, il creativo romagnolo Sergio Metalli fa parte del gruppo\u00a0 di produzione dello spettacolo \u201cOceano Adriatico\u201d, scritto e diretto da Raffaele Curi, per gli annuali \u201cEsperimenti di Quaresima\u201d della Fondazione Alda Fendi. Quest\u2019anno lo spettacolo (il nono al quale Metalli d\u00e0 il suo contributo) \u00e8 allestito nel Teatro 8 agli Studios, i leggendari ex stabilimenti cinematografici De Paolis a Roma.<\/p><p>Del team creativo fa parte il grande Dante Ferretti, vincitore di tre Oscar e numerosi altri prestigiosi premi, particolarmente legato a Rimini. Ferretti contribuisce con il segmento \u201cDante\u2019s dream\u201d, i sogni e i ricordi di un ragazzino che non aveva soldi per andare al cinema all\u2019aperto per vedere il film di Federico Fellini \u201cI vitelloni\u201d, ma che poi sarebbe diventato uno degli scenografi pi\u00f9 quotati a livello mondiale.<\/p><p>A proposito dello spettacolo, Curi dice: \u00ab\u00c8 rubato all\u2019infanzia il ricordo prezioso di estati ed estasi infinite tra nuotate con le sirene&#8230; Sogni e possibilit\u00e0 con un primo, un secondo tempo e una fine: il grande film della vita di tutti noi. Ma anche un viaggio Junghiano della memoria,\u00a0 ripensamenti\u00a0 analitici, crudeli o assolti di un\u2019et\u00e0 che si perde o si acquista per tutta la vita: \u201cHo messo l\u2019infanzia in tasca e sono andato avanti, perch\u00e9 era tutto quello che avevo\u201d, \u201cHo rimesso l\u2019infanzia in tasca e vado avanti, perch\u00e9 \u00e8 tutto quello che ho\u201d.<\/p><p>I contributi grafici\u00a0 creati da Metalli per lo spettacolo, (che contiene pi\u00f9 di un omaggio a Fellini) ,sono proiettati sul grande schermo principale da otto potenti video proiettori digitali e da altri due sulle pareti laterali dello studio.<\/p><p>Fra le immagini all\u2019interno\u00a0 di\u00a0 questo\u00a0\u00a0 sguardo\u00a0 onirico al passato, l\u2019agnellino del sapone in polvere anni 50 Lauril, seguito da fila dopo fila di scatole del detersivo. Sui grandi monitor ai lati del pubblico scorrono delle immagini della vita dell\u2019autore (con Gian Carlo Menotti, Man Ray, Fellini, Ferretti, De Sica, Alda Fendi ecc.) e, sullo schermo principale, la visuale dal finestrino di un treno che percorre la costa adriatica.<\/p><p>L\u2019oceano virtuale sul quale naviga una nave somigliante al Rex (l\u2019enorme nave del film di Fellini Amarcord) \u00e8 abitato da sirene e da una miriade di meduse, che diventano delle mongolfiere che volano verso il cielo.<\/p><p>I ragazzini tentano di guardare \u201cI vitelloni\u201d (immagini originali elaborate da Metalli per adattarle all\u2019insolita proiezione), ma la loro visuale \u00e8 ostruita da un pick-up Fiat anni Cinquanta, che passa di fianco al pubblico e sale sul palco. Alla fine arriva il mare d\u2019inverno e una vecchia signora sul palco volta le spalle agli spettatori, apre il suo ombrellino e se ne va, sotto la neve&#8230; che cade soffice anche sul pubblico.<\/p><p>Di questa produzione, Metalli \u00e8 entusiasta: \u00abAnche se porto la mia arte in giro per il mondo, questo spettacolo, cos\u00ec legato alla mia citt\u00e0 e al suo mare, \u00e8 stato particolarmente piacevole e gratificante, sia professionalmente sia a livello personale\u00bb.<\/p>\t\t\t\t\t\t<\/div>\n\t\t\t\t<\/div>\n\t\t\t\t\t<\/div>\n\t\t<\/div>\n\t\t\t\t\t<\/div>\n\t\t<\/section>\n\t\t\t\t\t<\/div>\n\t\t<\/div>\n\t\t\t\t\t<\/div>\n\t\t<\/section>\n\t\t\t\t<\/div>\n\t\t","protected":false},"excerpt":{"rendered":"<p>&nbsp; &nbsp; &nbsp; Relativo al progetto: Oceano Adriatico &nbsp; &nbsp; Corriere Romagna &#8211; Italia &#8211; quotidiano 03 Aprile 2014 Relativo al progetto: Oceano Adriatico Il Felliniano \u201cOceano Adriatico\u201d di Metalli Il projection designer riminese torna virtualmente a casa col suo ultimo lavoro Questa settimana, prima di tornare all\u2019 Opera House di Astana con le sue [&hellip;]<\/p>\n","protected":false},"author":7,"featured_media":0,"parent":8324,"menu_order":0,"comment_status":"closed","ping_status":"closed","template":"elementor_header_footer","meta":{"_acf_changed":false,"_monsterinsights_skip_tracking":false,"_monsterinsights_sitenote_active":false,"_monsterinsights_sitenote_note":"","_monsterinsights_sitenote_category":0,"footnotes":""},"class_list":["post-8190","page","type-page","status-publish","hentry"],"acf":[],"_links":{"self":[{"href":"https:\/\/www.ideogamma.sm\/it\/wp-json\/wp\/v2\/pages\/8190"}],"collection":[{"href":"https:\/\/www.ideogamma.sm\/it\/wp-json\/wp\/v2\/pages"}],"about":[{"href":"https:\/\/www.ideogamma.sm\/it\/wp-json\/wp\/v2\/types\/page"}],"author":[{"embeddable":true,"href":"https:\/\/www.ideogamma.sm\/it\/wp-json\/wp\/v2\/users\/7"}],"replies":[{"embeddable":true,"href":"https:\/\/www.ideogamma.sm\/it\/wp-json\/wp\/v2\/comments?post=8190"}],"version-history":[{"count":5,"href":"https:\/\/www.ideogamma.sm\/it\/wp-json\/wp\/v2\/pages\/8190\/revisions"}],"predecessor-version":[{"id":14018,"href":"https:\/\/www.ideogamma.sm\/it\/wp-json\/wp\/v2\/pages\/8190\/revisions\/14018"}],"up":[{"embeddable":true,"href":"https:\/\/www.ideogamma.sm\/it\/wp-json\/wp\/v2\/pages\/8324"}],"wp:attachment":[{"href":"https:\/\/www.ideogamma.sm\/it\/wp-json\/wp\/v2\/media?parent=8190"}],"curies":[{"name":"wp","href":"https:\/\/api.w.org\/{rel}","templated":true}]}}