{"id":8212,"date":"2010-07-07T09:44:34","date_gmt":"2010-07-07T07:44:34","guid":{"rendered":"http:\/\/www.ideogamma.sm\/?page_id=8212"},"modified":"2021-02-20T15:41:00","modified_gmt":"2021-02-20T14:41:00","slug":"wehdat-watan","status":"publish","type":"page","link":"https:\/\/www.ideogamma.sm\/it\/pressposts\/wehdat-watan\/","title":{"rendered":"Wehdat Watan"},"content":{"rendered":"\t\t<div data-elementor-type=\"wp-page\" data-elementor-id=\"8212\" class=\"elementor elementor-8212 elementor-8104\" data-elementor-post-type=\"page\">\n\t\t\t\t\t\t<section class=\"ob-is-breaking-bad elementor-section elementor-top-section elementor-element elementor-element-4bc71912 elementor-section-full_width elementor-section-height-default elementor-section-height-default\" data-id=\"4bc71912\" data-element_type=\"section\" data-settings=\"{&quot;_ob_bbad_use_it&quot;:&quot;yes&quot;,&quot;_ob_bbad_sssic_use&quot;:&quot;no&quot;,&quot;_ob_glider_is_slider&quot;:&quot;no&quot;}\">\n\t\t\t\t\t\t<div class=\"elementor-container elementor-column-gap-default\">\n\t\t\t\t\t<div class=\"elementor-column elementor-col-100 elementor-top-column elementor-element elementor-element-909bbae\" data-id=\"909bbae\" data-element_type=\"column\" data-settings=\"{&quot;_ob_bbad_is_stalker&quot;:&quot;no&quot;,&quot;_ob_teleporter_use&quot;:false,&quot;_ob_column_hoveranimator&quot;:&quot;no&quot;,&quot;_ob_column_has_pseudo&quot;:&quot;no&quot;}\">\n\t\t\t<div class=\"elementor-widget-wrap elementor-element-populated\">\n\t\t\t\t\t\t<div class=\"elementor-element elementor-element-54493b38 elementor-hidden-desktop elementor-hidden-tablet elementor-hidden-phone ob-harakiri-inherit ob-has-background-overlay elementor-widget elementor-widget-heading\" data-id=\"54493b38\" data-element_type=\"widget\" data-settings=\"{&quot;_ob_use_harakiri&quot;:&quot;yes&quot;,&quot;_ob_harakiri_writing_mode&quot;:&quot;inherit&quot;,&quot;_ob_harakiri_text_clip&quot;:&quot;none&quot;,&quot;_ob_perspektive_use&quot;:&quot;no&quot;,&quot;_ob_poopart_use&quot;:&quot;yes&quot;,&quot;_ob_shadough_use&quot;:&quot;no&quot;,&quot;_ob_allow_hoveranimator&quot;:&quot;no&quot;,&quot;_ob_widget_stalker_use&quot;:&quot;no&quot;}\" data-widget_type=\"heading.default\">\n\t\t\t\t<div class=\"elementor-widget-container\">\n\t\t\t<style>\/*! elementor - v3.23.0 - 05-08-2024 *\/\n.elementor-heading-title{padding:0;margin:0;line-height:1}.elementor-widget-heading .elementor-heading-title[class*=elementor-size-]>a{color:inherit;font-size:inherit;line-height:inherit}.elementor-widget-heading .elementor-heading-title.elementor-size-small{font-size:15px}.elementor-widget-heading .elementor-heading-title.elementor-size-medium{font-size:19px}.elementor-widget-heading .elementor-heading-title.elementor-size-large{font-size:29px}.elementor-widget-heading .elementor-heading-title.elementor-size-xl{font-size:39px}.elementor-widget-heading .elementor-heading-title.elementor-size-xxl{font-size:59px}<\/style><h2 class=\"elementor-heading-title elementor-size-default\"><a href=\"https:\/\/www.ideogamma.sm\/2010\/wehdat-watan\/\">&nbsp; &nbsp; &nbsp; Relativo al progetto: Wehdat Watan &nbsp; &nbsp;<\/a><\/h2>\t\t<\/div>\n\t\t\t\t<\/div>\n\t\t\t\t<section class=\"elementor-section elementor-inner-section elementor-element elementor-element-21cc360f elementor-section-full_width elementor-section-height-default elementor-section-height-default\" data-id=\"21cc360f\" data-element_type=\"section\" data-settings=\"{&quot;_ob_glider_is_slider&quot;:&quot;no&quot;}\">\n\t\t\t\t\t\t<div class=\"elementor-container elementor-column-gap-default\">\n\t\t\t\t\t<div class=\"elementor-column elementor-col-66 elementor-inner-column elementor-element elementor-element-110f16c7\" data-id=\"110f16c7\" data-element_type=\"column\" data-settings=\"{&quot;_ob_bbad_is_stalker&quot;:&quot;no&quot;,&quot;_ob_teleporter_use&quot;:false,&quot;_ob_column_hoveranimator&quot;:&quot;no&quot;,&quot;_ob_column_has_pseudo&quot;:&quot;no&quot;}\">\n\t\t\t<div class=\"elementor-widget-wrap elementor-element-populated\">\n\t\t\t\t\t\t<div class=\"elementor-element elementor-element-3cbe0e1e ob-harakiri-inherit ob-has-background-overlay elementor-widget elementor-widget-heading\" data-id=\"3cbe0e1e\" data-element_type=\"widget\" data-settings=\"{&quot;_ob_use_harakiri&quot;:&quot;yes&quot;,&quot;_ob_harakiri_writing_mode&quot;:&quot;inherit&quot;,&quot;_ob_harakiri_text_clip&quot;:&quot;none&quot;,&quot;_ob_perspektive_use&quot;:&quot;no&quot;,&quot;_ob_poopart_use&quot;:&quot;yes&quot;,&quot;_ob_shadough_use&quot;:&quot;no&quot;,&quot;_ob_allow_hoveranimator&quot;:&quot;no&quot;,&quot;_ob_widget_stalker_use&quot;:&quot;no&quot;}\" data-widget_type=\"heading.default\">\n\t\t\t\t<div class=\"elementor-widget-container\">\n\t\t\t<h3 class=\"elementor-heading-title elementor-size-default\">Sound &amp; Lite - ITALY - bimonthly periodical<\/h3>\t\t<\/div>\n\t\t\t\t<\/div>\n\t\t\t\t\t<\/div>\n\t\t<\/div>\n\t\t\t\t<div class=\"elementor-column elementor-col-33 elementor-inner-column elementor-element elementor-element-1fe24a5e\" data-id=\"1fe24a5e\" data-element_type=\"column\" data-settings=\"{&quot;_ob_bbad_is_stalker&quot;:&quot;no&quot;,&quot;_ob_teleporter_use&quot;:false,&quot;_ob_column_hoveranimator&quot;:&quot;no&quot;,&quot;_ob_column_has_pseudo&quot;:&quot;no&quot;}\">\n\t\t\t<div class=\"elementor-widget-wrap elementor-element-populated\">\n\t\t\t\t\t\t<div class=\"elementor-element elementor-element-1088a510 elementor-widget__width-inherit ob-harakiri-inherit ob-has-background-overlay elementor-widget elementor-widget-heading\" data-id=\"1088a510\" data-element_type=\"widget\" data-settings=\"{&quot;_ob_use_harakiri&quot;:&quot;yes&quot;,&quot;_ob_harakiri_writing_mode&quot;:&quot;inherit&quot;,&quot;_ob_harakiri_text_clip&quot;:&quot;none&quot;,&quot;_ob_perspektive_use&quot;:&quot;no&quot;,&quot;_ob_poopart_use&quot;:&quot;yes&quot;,&quot;_ob_shadough_use&quot;:&quot;no&quot;,&quot;_ob_allow_hoveranimator&quot;:&quot;no&quot;,&quot;_ob_widget_stalker_use&quot;:&quot;no&quot;}\" data-widget_type=\"heading.default\">\n\t\t\t\t<div class=\"elementor-widget-container\">\n\t\t\t<h3 class=\"elementor-heading-title elementor-size-default\">07 Luglio  2010<\/h3>\t\t<\/div>\n\t\t\t\t<\/div>\n\t\t\t\t\t<\/div>\n\t\t<\/div>\n\t\t\t\t\t<\/div>\n\t\t<\/section>\n\t\t\t\t<section class=\"ob-is-breaking-bad ob-bb-inner elementor-section elementor-inner-section elementor-element elementor-element-2b24ecd6 elementor-section-full_width elementor-section-height-default elementor-section-height-default\" data-id=\"2b24ecd6\" data-element_type=\"section\" data-settings=\"{&quot;_ob_bbad_use_it&quot;:&quot;yes&quot;,&quot;_ob_bbad_sssic_use&quot;:&quot;no&quot;,&quot;_ob_glider_is_slider&quot;:&quot;no&quot;}\">\n\t\t\t\t\t\t<div class=\"elementor-container elementor-column-gap-default\">\n\t\t\t\t\t<div class=\"elementor-column elementor-col-50 elementor-inner-column elementor-element elementor-element-90341ff\" data-id=\"90341ff\" data-element_type=\"column\" data-settings=\"{&quot;_ob_bbad_is_stalker&quot;:&quot;no&quot;,&quot;_ob_teleporter_use&quot;:false,&quot;_ob_column_hoveranimator&quot;:&quot;no&quot;,&quot;_ob_column_has_pseudo&quot;:&quot;no&quot;}\">\n\t\t\t<div class=\"elementor-widget-wrap elementor-element-populated\">\n\t\t\t\t\t\t<div class=\"elementor-element elementor-element-64258f7 ob-harakiri-inherit ob-has-background-overlay elementor-widget elementor-widget-heading\" data-id=\"64258f7\" data-element_type=\"widget\" data-settings=\"{&quot;_ob_use_harakiri&quot;:&quot;yes&quot;,&quot;_ob_harakiri_writing_mode&quot;:&quot;inherit&quot;,&quot;_ob_harakiri_text_clip&quot;:&quot;none&quot;,&quot;_ob_perspektive_use&quot;:&quot;no&quot;,&quot;_ob_poopart_use&quot;:&quot;yes&quot;,&quot;_ob_shadough_use&quot;:&quot;no&quot;,&quot;_ob_allow_hoveranimator&quot;:&quot;no&quot;,&quot;_ob_widget_stalker_use&quot;:&quot;no&quot;}\" data-widget_type=\"heading.default\">\n\t\t\t\t<div class=\"elementor-widget-container\">\n\t\t\t<h2 class=\"elementor-heading-title elementor-size-default\"><a href=\"https:\/\/www.ideogamma.sm\/2010\/wehdat-watan\/\">Relativo al progetto: Wehdat Watan<\/a><\/h2>\t\t<\/div>\n\t\t\t\t<\/div>\n\t\t\t\t<div class=\"elementor-element elementor-element-15c3fc87 ob-has-background-overlay elementor-widget elementor-widget-image\" data-id=\"15c3fc87\" data-element_type=\"widget\" data-settings=\"{&quot;_ob_photomorph_use&quot;:&quot;no&quot;,&quot;_ob_perspektive_use&quot;:&quot;no&quot;,&quot;_ob_poopart_use&quot;:&quot;yes&quot;,&quot;_ob_shadough_use&quot;:&quot;no&quot;,&quot;_ob_allow_hoveranimator&quot;:&quot;no&quot;,&quot;_ob_widget_stalker_use&quot;:&quot;no&quot;}\" data-widget_type=\"image.default\">\n\t\t\t\t<div class=\"elementor-widget-container\">\n\t\t\t<style>\/*! elementor - v3.23.0 - 05-08-2024 *\/\n.elementor-widget-image{text-align:center}.elementor-widget-image a{display:inline-block}.elementor-widget-image a img[src$=\".svg\"]{width:48px}.elementor-widget-image img{vertical-align:middle;display:inline-block}<\/style>\t\t\t\t\t\t\t\t\t\t<img fetchpriority=\"high\" decoding=\"async\" width=\"1620\" height=\"1080\" src=\"https:\/\/www.ideogamma.sm\/wp-content\/uploads\/2010\/07\/011_Pag-94-_DSF5787.jpg\" class=\"attachment-full size-full wp-image-4667\" alt=\"\" srcset=\"https:\/\/www.ideogamma.sm\/wp-content\/uploads\/2010\/07\/011_Pag-94-_DSF5787.jpg 1620w, https:\/\/www.ideogamma.sm\/wp-content\/uploads\/2010\/07\/011_Pag-94-_DSF5787-300x200.jpg 300w, https:\/\/www.ideogamma.sm\/wp-content\/uploads\/2010\/07\/011_Pag-94-_DSF5787-1024x683.jpg 1024w, https:\/\/www.ideogamma.sm\/wp-content\/uploads\/2010\/07\/011_Pag-94-_DSF5787-768x512.jpg 768w, https:\/\/www.ideogamma.sm\/wp-content\/uploads\/2010\/07\/011_Pag-94-_DSF5787-1536x1024.jpg 1536w, https:\/\/www.ideogamma.sm\/wp-content\/uploads\/2010\/07\/011_Pag-94-_DSF5787-1200x800.jpg 1200w\" sizes=\"(max-width: 1620px) 100vw, 1620px\" \/>\t\t\t\t\t\t\t\t\t\t\t\t\t<\/div>\n\t\t\t\t<\/div>\n\t\t\t\t<div class=\"elementor-element elementor-element-750c8703 ob-has-background-overlay elementor-widget elementor-widget-image\" data-id=\"750c8703\" data-element_type=\"widget\" data-settings=\"{&quot;_ob_photomorph_use&quot;:&quot;no&quot;,&quot;_ob_perspektive_use&quot;:&quot;no&quot;,&quot;_ob_poopart_use&quot;:&quot;yes&quot;,&quot;_ob_shadough_use&quot;:&quot;no&quot;,&quot;_ob_allow_hoveranimator&quot;:&quot;no&quot;,&quot;_ob_widget_stalker_use&quot;:&quot;no&quot;}\" data-widget_type=\"image.default\">\n\t\t\t\t<div class=\"elementor-widget-container\">\n\t\t\t\t\t\t\t\t\t\t\t\t\t<img decoding=\"async\" width=\"1120\" height=\"530\" src=\"https:\/\/www.ideogamma.sm\/wp-content\/uploads\/2020\/07\/soundlight.png\" class=\"attachment-full size-full wp-image-4499\" alt=\"\" srcset=\"https:\/\/www.ideogamma.sm\/wp-content\/uploads\/2020\/07\/soundlight.png 1120w, https:\/\/www.ideogamma.sm\/wp-content\/uploads\/2020\/07\/soundlight-300x142.png 300w, https:\/\/www.ideogamma.sm\/wp-content\/uploads\/2020\/07\/soundlight-1024x485.png 1024w, https:\/\/www.ideogamma.sm\/wp-content\/uploads\/2020\/07\/soundlight-768x363.png 768w\" sizes=\"(max-width: 1120px) 100vw, 1120px\" \/>\t\t\t\t\t\t\t\t\t\t\t\t\t<\/div>\n\t\t\t\t<\/div>\n\t\t\t\t\t<\/div>\n\t\t<\/div>\n\t\t\t\t<div class=\"elementor-column elementor-col-50 elementor-inner-column elementor-element elementor-element-6308ddde\" data-id=\"6308ddde\" data-element_type=\"column\" data-settings=\"{&quot;_ob_bbad_is_stalker&quot;:&quot;no&quot;,&quot;_ob_teleporter_use&quot;:false,&quot;_ob_column_hoveranimator&quot;:&quot;no&quot;,&quot;_ob_column_has_pseudo&quot;:&quot;no&quot;}\">\n\t\t\t<div class=\"elementor-widget-wrap elementor-element-populated\">\n\t\t\t\t\t\t<div class=\"elementor-element elementor-element-3b5b41fa ob-harakiri-inherit ob-has-background-overlay elementor-widget elementor-widget-heading\" data-id=\"3b5b41fa\" data-element_type=\"widget\" data-settings=\"{&quot;_ob_use_harakiri&quot;:&quot;yes&quot;,&quot;_ob_harakiri_writing_mode&quot;:&quot;inherit&quot;,&quot;_ob_harakiri_text_clip&quot;:&quot;none&quot;,&quot;_ob_perspektive_use&quot;:&quot;no&quot;,&quot;_ob_poopart_use&quot;:&quot;yes&quot;,&quot;_ob_shadough_use&quot;:&quot;no&quot;,&quot;_ob_allow_hoveranimator&quot;:&quot;no&quot;,&quot;_ob_widget_stalker_use&quot;:&quot;no&quot;}\" data-widget_type=\"heading.default\">\n\t\t\t\t<div class=\"elementor-widget-container\">\n\t\t\t<h2 class=\"elementor-heading-title elementor-size-default\">Wehdat Watan<\/h2>\t\t<\/div>\n\t\t\t\t<\/div>\n\t\t\t\t<div class=\"elementor-element elementor-element-1d03153e ob-harakiri-inherit ob-has-background-overlay elementor-widget elementor-widget-heading\" data-id=\"1d03153e\" data-element_type=\"widget\" data-settings=\"{&quot;_ob_use_harakiri&quot;:&quot;yes&quot;,&quot;_ob_harakiri_writing_mode&quot;:&quot;inherit&quot;,&quot;_ob_harakiri_text_clip&quot;:&quot;none&quot;,&quot;_ob_perspektive_use&quot;:&quot;no&quot;,&quot;_ob_poopart_use&quot;:&quot;yes&quot;,&quot;_ob_shadough_use&quot;:&quot;no&quot;,&quot;_ob_allow_hoveranimator&quot;:&quot;no&quot;,&quot;_ob_widget_stalker_use&quot;:&quot;no&quot;}\" data-widget_type=\"heading.default\">\n\t\t\t\t<div class=\"elementor-widget-container\">\n\t\t\t<h2 class=\"elementor-heading-title elementor-size-default\">Saudi Arabia\u2019s Cultural Heritage Festival<\/h2>\t\t<\/div>\n\t\t\t\t<\/div>\n\t\t\t\t<div class=\"elementor-element elementor-element-3e68c706 ob-harakiri-inherit ob-has-background-overlay elementor-widget elementor-widget-text-editor\" data-id=\"3e68c706\" data-element_type=\"widget\" data-settings=\"{&quot;_ob_use_harakiri&quot;:&quot;yes&quot;,&quot;_ob_harakiri_writing_mode&quot;:&quot;inherit&quot;,&quot;_ob_postman_use&quot;:&quot;no&quot;,&quot;_ob_perspektive_use&quot;:&quot;no&quot;,&quot;_ob_poopart_use&quot;:&quot;yes&quot;,&quot;_ob_shadough_use&quot;:&quot;no&quot;,&quot;_ob_allow_hoveranimator&quot;:&quot;no&quot;,&quot;_ob_widget_stalker_use&quot;:&quot;no&quot;}\" data-widget_type=\"text-editor.default\">\n\t\t\t\t<div class=\"elementor-widget-container\">\n\t\t\t<style>\/*! elementor - v3.23.0 - 05-08-2024 *\/\n.elementor-widget-text-editor.elementor-drop-cap-view-stacked .elementor-drop-cap{background-color:#69727d;color:#fff}.elementor-widget-text-editor.elementor-drop-cap-view-framed .elementor-drop-cap{color:#69727d;border:3px solid;background-color:transparent}.elementor-widget-text-editor:not(.elementor-drop-cap-view-default) .elementor-drop-cap{margin-top:8px}.elementor-widget-text-editor:not(.elementor-drop-cap-view-default) .elementor-drop-cap-letter{width:1em;height:1em}.elementor-widget-text-editor .elementor-drop-cap{float:left;text-align:center;line-height:1;font-size:50px}.elementor-widget-text-editor .elementor-drop-cap-letter{display:inline-block}<\/style>\t\t\t\t<p>Il Al Janadriyah Heritage e il Festival delle Tradizioni e della Cultura Nazionale, organizzato ogni anno dalla Guardia Nazionale del Regno dell&#8217;Arabia Saudita nella citt\u00e0, situata a 45 km a nord della capitale Riyadh, \u00e8 la principale attrazione turistica della zona, ed \u00e8 visitata da oltre un milione d i persone durante le due settimane del suo svolgimento ed evidenzia\u00a0 molti degli esempi pi\u00f9 raffinati delle arti, dei mestieri e della cultura sauditi.<\/p><p>Un imponente spettacolo multimediale inaugurale \u00e8 andato in scena davanti a Sua Maest\u00e0 Re Abdallah dell&#8217;Arabia Saudita su un palcoscenico di 1.400 metri quadri, costruito per l&#8217;occasione, e trasmesso a milioni di telespettatori dalla MBC.<\/p><p>L&#8217;operetta intitolata Wehdat Watan (L&#8217;Unit\u00e0 del Nostro Paese)  \u00e8 stata scritta dal grande poeta saudita, Sari.<\/p><p>Durante lo show, il grande set ha ospitato \u00a0un cast di 250 artisti, cammelli <span style=\"text-decoration: line-through;\">e<\/span> pecore, accampamenti e veicoli militari.<\/p><p>Un enorme falco appariva dal fondo della scena per la\u00a0 scena finale.<\/p><p><strong>Luci e Scenografia Virtuale <\/strong><\/p><p>Marco lncagnoli, light designer per l\u2019evento, spiega: &#8220;Il giusto equilibrio tra luci teatrali e fotografia televisiva \u00e8 il  risultato di esperienza in spettacoli live dove la luce non \u00e8 pi\u00f9 solamente al servizio dello spettacolo, ma \u00e8 considerata come&#8230; spettacolo.<\/p><p>Sergio Metalli \u00e8 un maestro riconosciuto nell&#8217;arte della scenografia virtuale e i suoi lavori sono stati acclamati dagli spettatori nei pi\u00f9 prestigiosi teatri del mondo.<\/p><p>La squadra ldeogamma ha fatto delle riprese video in HD nel deserto, con soldati e carri armati, ed ha utilizzato un blue screen per le riprese di soldati che saltavano da un elicottero. Hanno anche girato l&#8217;Arabia, riprendendo e fotografando alcuni dei principali monumenti e aree urbane, compreso il famoso sito archeologico di Mada&#8217;in Saleh, nella regione montuosa nord-orientale di Hijaz .<\/p><p>Metalli dice, &#8220;I soldati, che sono saltati da una piattaforma costruita appositamente per il blue screen, dovevano essere ripresi in modo tale che, durante lo spettacolo, sembrasse che saltassero da un elicottero che volava a quella stessa altezza, e fossero anche in proporzione con i veri soldati sul palcoscenico. Gli elicotteri nel video sono stati ripresi e successivamente &#8216;ricostruiti&#8217; in 3D dai nostri grafici&#8221;.<\/p><p>Metalli\u00a0\u00a0 ed\u00a0\u00a0 i suoi tecnici\u00a0 \u00a0hanno\u00a0 anche\u00a0\u00a0\u00a0 inviato\u00a0\u00a0\u00a0 contenuti video\u00a0 a\u00a0 tre schermi LED modulari, (passo 16 mm) della cinese California Pro-Lighting: due\u00a0\u00a0 schermi ed uno orizzontale che, insieme,formavano una sorta di cornice intorno\u00a0 al set.<\/p><p>Le immagini mandate sugli schermi LED, quelle per la retroproiezione e per i tulle avevano una luminosit\u00e0 ed una resa cromatica molto diversa, quindi c&#8217;\u00e8 stato un lungo e meticoloso lavoro di adattamento a monte per poterle abbinare in modo soddisfacente, bilanciando la luminosit\u00e0 in modo appropriato.<\/p><p>Mattia, il figlio di Sergio, era responsabile per il lavoro di post-produzione ed effetti speciali.<\/p><p>Dopo l&#8217;evento, Metalli Sr,\u00a0 entusiasta, ha detto: &#8220;Oltre alle sfide tecniche affrontate e superate con successo per ottenere dei risultati finali emozionanti, l&#8217;evento di Janadriyah \u00e8 stato anche meraviglioso da un punto di vista umano, perch\u00e9 lo spettacolo \u00e8 stato &#8216;assemblato&#8217; da una squadra specializzata veramente eterogenea, con dei professionisti Sauditi, Italiani, Libanesi, Tunisini ed Americani che hanno lavorato fianco a fianco&#8230; un&#8217;esperienza fantastica!&#8221;.<\/p>\t\t\t\t\t\t<\/div>\n\t\t\t\t<\/div>\n\t\t\t\t\t<\/div>\n\t\t<\/div>\n\t\t\t\t\t<\/div>\n\t\t<\/section>\n\t\t\t\t\t<\/div>\n\t\t<\/div>\n\t\t\t\t\t<\/div>\n\t\t<\/section>\n\t\t\t\t<\/div>\n\t\t","protected":false},"excerpt":{"rendered":"<p>&nbsp; &nbsp; &nbsp; Relativo al progetto: Wehdat Watan &nbsp; &nbsp; Sound &amp; Lite &#8211; ITALY &#8211; bimonthly periodical 07 Luglio 2010 Relativo al progetto: Wehdat Watan Wehdat Watan Saudi Arabia\u2019s Cultural Heritage Festival Il Al Janadriyah Heritage e il Festival delle Tradizioni e della Cultura Nazionale, organizzato ogni anno dalla Guardia Nazionale del Regno dell&#8217;Arabia [&hellip;]<\/p>\n","protected":false},"author":6,"featured_media":0,"parent":8324,"menu_order":0,"comment_status":"closed","ping_status":"closed","template":"elementor_header_footer","meta":{"_acf_changed":false,"_monsterinsights_skip_tracking":false,"_monsterinsights_sitenote_active":false,"_monsterinsights_sitenote_note":"","_monsterinsights_sitenote_category":0,"footnotes":""},"class_list":["post-8212","page","type-page","status-publish","hentry"],"acf":[],"_links":{"self":[{"href":"https:\/\/www.ideogamma.sm\/it\/wp-json\/wp\/v2\/pages\/8212"}],"collection":[{"href":"https:\/\/www.ideogamma.sm\/it\/wp-json\/wp\/v2\/pages"}],"about":[{"href":"https:\/\/www.ideogamma.sm\/it\/wp-json\/wp\/v2\/types\/page"}],"author":[{"embeddable":true,"href":"https:\/\/www.ideogamma.sm\/it\/wp-json\/wp\/v2\/users\/6"}],"replies":[{"embeddable":true,"href":"https:\/\/www.ideogamma.sm\/it\/wp-json\/wp\/v2\/comments?post=8212"}],"version-history":[{"count":4,"href":"https:\/\/www.ideogamma.sm\/it\/wp-json\/wp\/v2\/pages\/8212\/revisions"}],"predecessor-version":[{"id":14015,"href":"https:\/\/www.ideogamma.sm\/it\/wp-json\/wp\/v2\/pages\/8212\/revisions\/14015"}],"up":[{"embeddable":true,"href":"https:\/\/www.ideogamma.sm\/it\/wp-json\/wp\/v2\/pages\/8324"}],"wp:attachment":[{"href":"https:\/\/www.ideogamma.sm\/it\/wp-json\/wp\/v2\/media?parent=8212"}],"curies":[{"name":"wp","href":"https:\/\/api.w.org\/{rel}","templated":true}]}}