{"id":8224,"date":"2016-11-21T11:45:31","date_gmt":"2016-11-21T10:45:31","guid":{"rendered":"http:\/\/www.ideogamma.sm\/?page_id=8224"},"modified":"2021-03-10T12:32:48","modified_gmt":"2021-03-10T11:32:48","slug":"samson-et-dalila-camille-saint-saens","status":"publish","type":"page","link":"https:\/\/www.ideogamma.sm\/it\/pressposts\/samson-et-dalila-camille-saint-saens\/","title":{"rendered":"Samson et Dalila, Camille Saint-Sa\u00ebns"},"content":{"rendered":"\t\t<div data-elementor-type=\"wp-page\" data-elementor-id=\"8224\" class=\"elementor elementor-8224 elementor-8142\" data-elementor-post-type=\"page\">\n\t\t\t\t\t\t<section class=\"ob-is-breaking-bad elementor-section elementor-top-section elementor-element elementor-element-6931e945 elementor-section-full_width elementor-section-height-default elementor-section-height-default\" data-id=\"6931e945\" data-element_type=\"section\" data-settings=\"{&quot;_ob_bbad_use_it&quot;:&quot;yes&quot;,&quot;_ob_bbad_sssic_use&quot;:&quot;no&quot;,&quot;_ob_glider_is_slider&quot;:&quot;no&quot;}\">\n\t\t\t\t\t\t<div class=\"elementor-container elementor-column-gap-default\">\n\t\t\t\t\t<div class=\"elementor-column elementor-col-100 elementor-top-column elementor-element elementor-element-32542be5\" data-id=\"32542be5\" data-element_type=\"column\" data-settings=\"{&quot;_ob_bbad_is_stalker&quot;:&quot;no&quot;,&quot;_ob_teleporter_use&quot;:false,&quot;_ob_column_hoveranimator&quot;:&quot;no&quot;,&quot;_ob_column_has_pseudo&quot;:&quot;no&quot;}\">\n\t\t\t<div class=\"elementor-widget-wrap elementor-element-populated\">\n\t\t\t\t\t\t<div class=\"elementor-element elementor-element-453e05f elementor-hidden-desktop elementor-hidden-tablet elementor-hidden-phone ob-harakiri-inherit ob-has-background-overlay elementor-widget elementor-widget-heading\" data-id=\"453e05f\" data-element_type=\"widget\" data-settings=\"{&quot;_ob_use_harakiri&quot;:&quot;yes&quot;,&quot;_ob_harakiri_writing_mode&quot;:&quot;inherit&quot;,&quot;_ob_harakiri_text_clip&quot;:&quot;none&quot;,&quot;_ob_perspektive_use&quot;:&quot;no&quot;,&quot;_ob_poopart_use&quot;:&quot;yes&quot;,&quot;_ob_shadough_use&quot;:&quot;no&quot;,&quot;_ob_allow_hoveranimator&quot;:&quot;no&quot;,&quot;_ob_widget_stalker_use&quot;:&quot;no&quot;}\" data-widget_type=\"heading.default\">\n\t\t\t\t<div class=\"elementor-widget-container\">\n\t\t\t<style>\/*! elementor - v3.23.0 - 05-08-2024 *\/\n.elementor-heading-title{padding:0;margin:0;line-height:1}.elementor-widget-heading .elementor-heading-title[class*=elementor-size-]>a{color:inherit;font-size:inherit;line-height:inherit}.elementor-widget-heading .elementor-heading-title.elementor-size-small{font-size:15px}.elementor-widget-heading .elementor-heading-title.elementor-size-medium{font-size:19px}.elementor-widget-heading .elementor-heading-title.elementor-size-large{font-size:29px}.elementor-widget-heading .elementor-heading-title.elementor-size-xl{font-size:39px}.elementor-widget-heading .elementor-heading-title.elementor-size-xxl{font-size:59px}<\/style><h2 class=\"elementor-heading-title elementor-size-default\"><a href=\"https:\/\/www.ideogamma.sm\/2016\/samson-et-dalila-2\/\">&nbsp; &nbsp; Relativo al progetto: Samson et Dalila &nbsp; &nbsp;<\/a><\/h2>\t\t<\/div>\n\t\t\t\t<\/div>\n\t\t\t\t<section class=\"elementor-section elementor-inner-section elementor-element elementor-element-547f3123 elementor-section-full_width elementor-section-height-default elementor-section-height-default\" data-id=\"547f3123\" data-element_type=\"section\" data-settings=\"{&quot;_ob_glider_is_slider&quot;:&quot;no&quot;}\">\n\t\t\t\t\t\t<div class=\"elementor-container elementor-column-gap-default\">\n\t\t\t\t\t<div class=\"elementor-column elementor-col-66 elementor-inner-column elementor-element elementor-element-5bd5ed18\" data-id=\"5bd5ed18\" data-element_type=\"column\" data-settings=\"{&quot;_ob_bbad_is_stalker&quot;:&quot;no&quot;,&quot;_ob_teleporter_use&quot;:false,&quot;_ob_column_hoveranimator&quot;:&quot;no&quot;,&quot;_ob_column_has_pseudo&quot;:&quot;no&quot;}\">\n\t\t\t<div class=\"elementor-widget-wrap elementor-element-populated\">\n\t\t\t\t\t\t<div class=\"elementor-element elementor-element-e956fd2 ob-harakiri-inherit ob-has-background-overlay elementor-widget elementor-widget-heading\" data-id=\"e956fd2\" data-element_type=\"widget\" data-settings=\"{&quot;_ob_use_harakiri&quot;:&quot;yes&quot;,&quot;_ob_harakiri_writing_mode&quot;:&quot;inherit&quot;,&quot;_ob_harakiri_text_clip&quot;:&quot;none&quot;,&quot;_ob_perspektive_use&quot;:&quot;no&quot;,&quot;_ob_poopart_use&quot;:&quot;yes&quot;,&quot;_ob_shadough_use&quot;:&quot;no&quot;,&quot;_ob_allow_hoveranimator&quot;:&quot;no&quot;,&quot;_ob_widget_stalker_use&quot;:&quot;no&quot;}\" data-widget_type=\"heading.default\">\n\t\t\t\t<div class=\"elementor-widget-container\">\n\t\t\t<h3 class=\"elementor-heading-title elementor-size-default\">MTG Lirica - Online magazine<\/h3>\t\t<\/div>\n\t\t\t\t<\/div>\n\t\t\t\t\t<\/div>\n\t\t<\/div>\n\t\t\t\t<div class=\"elementor-column elementor-col-33 elementor-inner-column elementor-element elementor-element-7bf28e8\" data-id=\"7bf28e8\" data-element_type=\"column\" data-settings=\"{&quot;_ob_bbad_is_stalker&quot;:&quot;no&quot;,&quot;_ob_teleporter_use&quot;:false,&quot;_ob_column_hoveranimator&quot;:&quot;no&quot;,&quot;_ob_column_has_pseudo&quot;:&quot;no&quot;}\">\n\t\t\t<div class=\"elementor-widget-wrap elementor-element-populated\">\n\t\t\t\t\t\t<div class=\"elementor-element elementor-element-5a9b973c elementor-widget__width-inherit ob-harakiri-inherit ob-has-background-overlay elementor-widget elementor-widget-heading\" data-id=\"5a9b973c\" data-element_type=\"widget\" data-settings=\"{&quot;_ob_use_harakiri&quot;:&quot;yes&quot;,&quot;_ob_harakiri_writing_mode&quot;:&quot;inherit&quot;,&quot;_ob_harakiri_text_clip&quot;:&quot;none&quot;,&quot;_ob_perspektive_use&quot;:&quot;no&quot;,&quot;_ob_poopart_use&quot;:&quot;yes&quot;,&quot;_ob_shadough_use&quot;:&quot;no&quot;,&quot;_ob_allow_hoveranimator&quot;:&quot;no&quot;,&quot;_ob_widget_stalker_use&quot;:&quot;no&quot;}\" data-widget_type=\"heading.default\">\n\t\t\t\t<div class=\"elementor-widget-container\">\n\t\t\t<h3 class=\"elementor-heading-title elementor-size-default\">21 Novembre 2016<\/h3>\t\t<\/div>\n\t\t\t\t<\/div>\n\t\t\t\t\t<\/div>\n\t\t<\/div>\n\t\t\t\t\t<\/div>\n\t\t<\/section>\n\t\t\t\t<section class=\"ob-is-breaking-bad ob-bb-inner elementor-section elementor-inner-section elementor-element elementor-element-2edd5bfe elementor-section-full_width elementor-section-height-default elementor-section-height-default\" data-id=\"2edd5bfe\" data-element_type=\"section\" data-settings=\"{&quot;_ob_bbad_use_it&quot;:&quot;yes&quot;,&quot;_ob_bbad_sssic_use&quot;:&quot;no&quot;,&quot;_ob_glider_is_slider&quot;:&quot;no&quot;}\">\n\t\t\t\t\t\t<div class=\"elementor-container elementor-column-gap-default\">\n\t\t\t\t\t<div class=\"elementor-column elementor-col-50 elementor-inner-column elementor-element elementor-element-23b4d95e\" data-id=\"23b4d95e\" data-element_type=\"column\" data-settings=\"{&quot;_ob_bbad_is_stalker&quot;:&quot;no&quot;,&quot;_ob_teleporter_use&quot;:false,&quot;_ob_column_hoveranimator&quot;:&quot;no&quot;,&quot;_ob_column_has_pseudo&quot;:&quot;no&quot;}\">\n\t\t\t<div class=\"elementor-widget-wrap elementor-element-populated\">\n\t\t\t\t\t\t<div class=\"elementor-element elementor-element-4b65b160 ob-harakiri-inherit ob-has-background-overlay elementor-widget elementor-widget-heading\" data-id=\"4b65b160\" data-element_type=\"widget\" data-settings=\"{&quot;_ob_use_harakiri&quot;:&quot;yes&quot;,&quot;_ob_harakiri_writing_mode&quot;:&quot;inherit&quot;,&quot;_ob_harakiri_text_clip&quot;:&quot;none&quot;,&quot;_ob_perspektive_use&quot;:&quot;no&quot;,&quot;_ob_poopart_use&quot;:&quot;yes&quot;,&quot;_ob_shadough_use&quot;:&quot;no&quot;,&quot;_ob_allow_hoveranimator&quot;:&quot;no&quot;,&quot;_ob_widget_stalker_use&quot;:&quot;no&quot;}\" data-widget_type=\"heading.default\">\n\t\t\t\t<div class=\"elementor-widget-container\">\n\t\t\t<h2 class=\"elementor-heading-title elementor-size-default\"><a href=\"https:\/\/www.ideogamma.sm\/2016\/samson-et-dalila-2\/\">Relativo al progetto: Samson et Dalila<\/a><\/h2>\t\t<\/div>\n\t\t\t\t<\/div>\n\t\t\t\t<div class=\"elementor-element elementor-element-4c43a895 ob-has-background-overlay elementor-widget elementor-widget-image\" data-id=\"4c43a895\" data-element_type=\"widget\" data-settings=\"{&quot;_ob_photomorph_use&quot;:&quot;no&quot;,&quot;_ob_perspektive_use&quot;:&quot;no&quot;,&quot;_ob_poopart_use&quot;:&quot;yes&quot;,&quot;_ob_shadough_use&quot;:&quot;no&quot;,&quot;_ob_allow_hoveranimator&quot;:&quot;no&quot;,&quot;_ob_widget_stalker_use&quot;:&quot;no&quot;}\" data-widget_type=\"image.default\">\n\t\t\t\t<div class=\"elementor-widget-container\">\n\t\t\t<style>\/*! elementor - v3.23.0 - 05-08-2024 *\/\n.elementor-widget-image{text-align:center}.elementor-widget-image a{display:inline-block}.elementor-widget-image a img[src$=\".svg\"]{width:48px}.elementor-widget-image img{vertical-align:middle;display:inline-block}<\/style>\t\t\t\t\t\t\t\t\t\t<img fetchpriority=\"high\" decoding=\"async\" width=\"1320\" height=\"1080\" src=\"https:\/\/www.ideogamma.sm\/wp-content\/uploads\/2016\/11\/025_Pag-1321V9A4119_corretto.jpg\" class=\"attachment-full size-full wp-image-7499\" alt=\"Samson et Dalila\" srcset=\"https:\/\/www.ideogamma.sm\/wp-content\/uploads\/2016\/11\/025_Pag-1321V9A4119_corretto.jpg 1320w, https:\/\/www.ideogamma.sm\/wp-content\/uploads\/2016\/11\/025_Pag-1321V9A4119_corretto-300x245.jpg 300w, https:\/\/www.ideogamma.sm\/wp-content\/uploads\/2016\/11\/025_Pag-1321V9A4119_corretto-1024x838.jpg 1024w, https:\/\/www.ideogamma.sm\/wp-content\/uploads\/2016\/11\/025_Pag-1321V9A4119_corretto-768x628.jpg 768w, https:\/\/www.ideogamma.sm\/wp-content\/uploads\/2016\/11\/025_Pag-1321V9A4119_corretto-1200x982.jpg 1200w\" sizes=\"(max-width: 1320px) 100vw, 1320px\" \/>\t\t\t\t\t\t\t\t\t\t\t\t\t<\/div>\n\t\t\t\t<\/div>\n\t\t\t\t<div class=\"elementor-element elementor-element-62950630 ob-has-background-overlay elementor-widget elementor-widget-image\" data-id=\"62950630\" data-element_type=\"widget\" data-settings=\"{&quot;_ob_photomorph_use&quot;:&quot;no&quot;,&quot;_ob_perspektive_use&quot;:&quot;no&quot;,&quot;_ob_poopart_use&quot;:&quot;yes&quot;,&quot;_ob_shadough_use&quot;:&quot;no&quot;,&quot;_ob_allow_hoveranimator&quot;:&quot;no&quot;,&quot;_ob_widget_stalker_use&quot;:&quot;no&quot;}\" data-widget_type=\"image.default\">\n\t\t\t\t<div class=\"elementor-widget-container\">\n\t\t\t\t\t\t\t\t\t\t\t\t\t<img decoding=\"async\" width=\"700\" height=\"103\" src=\"https:\/\/www.ideogamma.sm\/wp-content\/uploads\/2016\/11\/MTG.png\" class=\"attachment-full size-full wp-image-7501\" alt=\"\" srcset=\"https:\/\/www.ideogamma.sm\/wp-content\/uploads\/2016\/11\/MTG.png 700w, https:\/\/www.ideogamma.sm\/wp-content\/uploads\/2016\/11\/MTG-300x44.png 300w\" sizes=\"(max-width: 700px) 100vw, 700px\" \/>\t\t\t\t\t\t\t\t\t\t\t\t\t<\/div>\n\t\t\t\t<\/div>\n\t\t\t\t\t<\/div>\n\t\t<\/div>\n\t\t\t\t<div class=\"elementor-column elementor-col-50 elementor-inner-column elementor-element elementor-element-5703817a\" data-id=\"5703817a\" data-element_type=\"column\" data-settings=\"{&quot;_ob_bbad_is_stalker&quot;:&quot;no&quot;,&quot;_ob_teleporter_use&quot;:false,&quot;_ob_column_hoveranimator&quot;:&quot;no&quot;,&quot;_ob_column_has_pseudo&quot;:&quot;no&quot;}\">\n\t\t\t<div class=\"elementor-widget-wrap elementor-element-populated\">\n\t\t\t\t\t\t<div class=\"elementor-element elementor-element-279d56a7 ob-harakiri-inherit ob-has-background-overlay elementor-widget elementor-widget-heading\" data-id=\"279d56a7\" data-element_type=\"widget\" data-settings=\"{&quot;_ob_use_harakiri&quot;:&quot;yes&quot;,&quot;_ob_harakiri_writing_mode&quot;:&quot;inherit&quot;,&quot;_ob_harakiri_text_clip&quot;:&quot;none&quot;,&quot;_ob_perspektive_use&quot;:&quot;no&quot;,&quot;_ob_poopart_use&quot;:&quot;yes&quot;,&quot;_ob_shadough_use&quot;:&quot;no&quot;,&quot;_ob_allow_hoveranimator&quot;:&quot;no&quot;,&quot;_ob_widget_stalker_use&quot;:&quot;no&quot;}\" data-widget_type=\"heading.default\">\n\t\t\t\t<div class=\"elementor-widget-container\">\n\t\t\t<h2 class=\"elementor-heading-title elementor-size-default\">Samson et Dalila, Camille Saint-Sa\u00ebns<\/h2>\t\t<\/div>\n\t\t\t\t<\/div>\n\t\t\t\t<div class=\"elementor-element elementor-element-3ff9fed4 ob-harakiri-inherit ob-has-background-overlay elementor-widget elementor-widget-heading\" data-id=\"3ff9fed4\" data-element_type=\"widget\" data-settings=\"{&quot;_ob_use_harakiri&quot;:&quot;yes&quot;,&quot;_ob_harakiri_writing_mode&quot;:&quot;inherit&quot;,&quot;_ob_harakiri_text_clip&quot;:&quot;none&quot;,&quot;_ob_perspektive_use&quot;:&quot;no&quot;,&quot;_ob_poopart_use&quot;:&quot;yes&quot;,&quot;_ob_shadough_use&quot;:&quot;no&quot;,&quot;_ob_allow_hoveranimator&quot;:&quot;no&quot;,&quot;_ob_widget_stalker_use&quot;:&quot;no&quot;}\" data-widget_type=\"heading.default\">\n\t\t\t\t<div class=\"elementor-widget-container\">\n\t\t\t<h2 class=\"elementor-heading-title elementor-size-default\">TEATRO REGIO DI TORINO, DOMENICA 20 NOVEMBRE 2016<\/h2>\t\t<\/div>\n\t\t\t\t<\/div>\n\t\t\t\t<div class=\"elementor-element elementor-element-5dbf774c ob-harakiri-inherit ob-has-background-overlay elementor-widget elementor-widget-text-editor\" data-id=\"5dbf774c\" data-element_type=\"widget\" data-settings=\"{&quot;_ob_use_harakiri&quot;:&quot;yes&quot;,&quot;_ob_harakiri_writing_mode&quot;:&quot;inherit&quot;,&quot;_ob_postman_use&quot;:&quot;no&quot;,&quot;_ob_perspektive_use&quot;:&quot;no&quot;,&quot;_ob_poopart_use&quot;:&quot;yes&quot;,&quot;_ob_shadough_use&quot;:&quot;no&quot;,&quot;_ob_allow_hoveranimator&quot;:&quot;no&quot;,&quot;_ob_widget_stalker_use&quot;:&quot;no&quot;}\" data-widget_type=\"text-editor.default\">\n\t\t\t\t<div class=\"elementor-widget-container\">\n\t\t\t<style>\/*! elementor - v3.23.0 - 05-08-2024 *\/\n.elementor-widget-text-editor.elementor-drop-cap-view-stacked .elementor-drop-cap{background-color:#69727d;color:#fff}.elementor-widget-text-editor.elementor-drop-cap-view-framed .elementor-drop-cap{color:#69727d;border:3px solid;background-color:transparent}.elementor-widget-text-editor:not(.elementor-drop-cap-view-default) .elementor-drop-cap{margin-top:8px}.elementor-widget-text-editor:not(.elementor-drop-cap-view-default) .elementor-drop-cap-letter{width:1em;height:1em}.elementor-widget-text-editor .elementor-drop-cap{float:left;text-align:center;line-height:1;font-size:50px}.elementor-widget-text-editor .elementor-drop-cap-letter{display:inline-block}<\/style>\t\t\t\t<p>Per il secondo titolo in cartellone il Teatro Regio di Torino mette in scena una spettacolare produzione di Samson et Dalila di Saint-Saens in collaborazione con il National Centre for Performing Arts con la regia, scene e costumi di Hugo de Ana. \u00c9 un allestimento completo e studiato fin nei particolari per rendere giustizia al <span style=\"text-decoration: line-through;\">testo<\/span> libretto ed ai singoli personaggi, creando una ambientazione astratta e simbolica, ma con spunti di estrema concretezza. Meravigliosi sono gli ambienti creati da de Ana, che richiamano tanto i fasti ampollosi dei Filistei che le umili condizioni degli schiavi Ebrei; osserviamo ambienti e scalinate rocciosi o stanze riccamente allestite di tendaggi e arredi preziosi. Le proiezioni ed i video di Sergio Metalli offrono un commento e completamento a quanto si assiste in scena, con richiami a corpi statuari che muovendosi creano geometrie avvolgenti, oppure con aggiunte scenografiche che arricchiscono e talvolta spiegano. Anche i costumi di de Ana sono concepiti per mettere in risalto l\u2019omogeneit\u00e0 del popolo ebraico nella sua miseria grigia in opposizione alla ricchezza e caleidoscopica vivacit\u00e0 filistea. Quasi magico il disegno luminoso di Vinicio Cheli che arricchisce, esalta e crea sfumature o contrasti di colore magnifici affinch\u00e9 tutto sia avvolto da un clima fiabesco. Perfino il sipario anticipa o prosegue ci\u00f2 che si vede sul palco, si pensi alle immagini del tempio di Dagon che in chiusura prosegue la sua inesorabile distruzione in blocchi a caduta libera.<\/p><p>Veramente coinvolgente nelle sue coreografie Leda Lojodice. Raramente si assiste ad esecuzioni cos\u00ec pertinenti ed intelligenti. La personalissima interpretazione delle danze nell&#8217;atto conclusivo che vede protagonista il popolo ebreo in grigie nudit\u00e0 cui infine si uniscono e contrappongono i coloratissimi oppressori \u00e8 molto di effetto e ben lungi da qualunque banalit\u00e0.\u00a0<\/p><p>Un bravissimo va al coro del Regio che tanta parte ha in questo capolavoro ed \u00e8 stato pronto ad entrare vivamente e vocalmente in questa partitura dall\u2019 animo oratoriale.<\/p><p>Samson trova grinta e nobile voce in Gregory Kunde dal fraseggio invidiabile, voce che offre ancora dei numeri di grande efficacia ed una interpretazione coerente ed intensa.<\/p><p>Claudio Sgura \u00e8 sicuro ed imperioso nel ruolo del Sommo sacerdote di Dagon cui aggiunge anche sensualit\u00e0 in scena e vocalmente.<\/p><p>Bello il timbro rotondo e scuro del vecchio ebreo Sulkhan Jaiani, come pure interessante quello di Abim\u00e9lech interpretato da Andrea Comelli.<\/p><p>Chiudono il cast i degni messaggero e due filistei, Roberto Guenno, Cullen Gandy e Lorenzo Battagion.<\/p><p>Teatro gremito e festante per tutti al termine.<\/p>\t\t\t\t\t\t<\/div>\n\t\t\t\t<\/div>\n\t\t\t\t\t<\/div>\n\t\t<\/div>\n\t\t\t\t\t<\/div>\n\t\t<\/section>\n\t\t\t\t\t<\/div>\n\t\t<\/div>\n\t\t\t\t\t<\/div>\n\t\t<\/section>\n\t\t\t\t<\/div>\n\t\t","protected":false},"excerpt":{"rendered":"<p>&nbsp; &nbsp; Relativo al progetto: Samson et Dalila &nbsp; &nbsp; MTG Lirica &#8211; Online magazine 21 Novembre 2016 Relativo al progetto: Samson et Dalila Samson et Dalila, Camille Saint-Sa\u00ebns TEATRO REGIO DI TORINO, DOMENICA 20 NOVEMBRE 2016 Per il secondo titolo in cartellone il Teatro Regio di Torino mette in scena una spettacolare produzione di [&hellip;]<\/p>\n","protected":false},"author":7,"featured_media":0,"parent":8324,"menu_order":0,"comment_status":"closed","ping_status":"closed","template":"elementor_header_footer","meta":{"_acf_changed":false,"_monsterinsights_skip_tracking":false,"_monsterinsights_sitenote_active":false,"_monsterinsights_sitenote_note":"","_monsterinsights_sitenote_category":0,"footnotes":""},"class_list":["post-8224","page","type-page","status-publish","hentry"],"acf":[],"_links":{"self":[{"href":"https:\/\/www.ideogamma.sm\/it\/wp-json\/wp\/v2\/pages\/8224"}],"collection":[{"href":"https:\/\/www.ideogamma.sm\/it\/wp-json\/wp\/v2\/pages"}],"about":[{"href":"https:\/\/www.ideogamma.sm\/it\/wp-json\/wp\/v2\/types\/page"}],"author":[{"embeddable":true,"href":"https:\/\/www.ideogamma.sm\/it\/wp-json\/wp\/v2\/users\/7"}],"replies":[{"embeddable":true,"href":"https:\/\/www.ideogamma.sm\/it\/wp-json\/wp\/v2\/comments?post=8224"}],"version-history":[{"count":7,"href":"https:\/\/www.ideogamma.sm\/it\/wp-json\/wp\/v2\/pages\/8224\/revisions"}],"predecessor-version":[{"id":15862,"href":"https:\/\/www.ideogamma.sm\/it\/wp-json\/wp\/v2\/pages\/8224\/revisions\/15862"}],"up":[{"embeddable":true,"href":"https:\/\/www.ideogamma.sm\/it\/wp-json\/wp\/v2\/pages\/8324"}],"wp:attachment":[{"href":"https:\/\/www.ideogamma.sm\/it\/wp-json\/wp\/v2\/media?parent=8224"}],"curies":[{"name":"wp","href":"https:\/\/api.w.org\/{rel}","templated":true}]}}